{"id":9401,"date":"2022-09-27T16:16:10","date_gmt":"2022-09-27T14:16:10","guid":{"rendered":"https:\/\/staging.stm-waterjet.com\/produits\/micro-cut\/"},"modified":"2025-07-29T15:37:18","modified_gmt":"2025-07-29T13:37:18","slug":"micro-cut","status":"publish","type":"page","link":"https:\/\/www.stm-waterjet.com\/fr\/produits\/micro-cut\/","title":{"rendered":"STM MicroCut 4.0"},"content":{"rendered":"<div id=\"stm-header-slider-block_d4af4f69deb5772935ac6e2e131a73f6\" class=\"stm-header-slider alignfull is-style-product has-title has-text has-buttons has-product-image\">\r\n            <div class=\"stm-header-slider-slides\">\r\n                            <div class=\"slide\">\r\n                    <img decoding=\"async\" class=\"header-slider-image\" src=\"https:\/\/www.stm-waterjet.com\/wp-content\/uploads\/stm-logo-bg.jpg\" alt=\"STM Logo Background\" style=\"object-position: 50% 80%\" \/>\r\n                <\/div>\r\n                    <\/div>\r\n                <div class=\"stm-header-slider-divider\">\r\n            <div class=\"item-1 header-slider-divider\"><\/div>\r\n            <div class=\"item-2 header-slider-divider\"><\/div>\r\n        <\/div>\r\n        <div class=\"stm-header-slider-content\">\r\n        <div class=\"container\">\r\n            <div class=\"row\">\r\n                <div class=\"col\">\r\n                    <h1 class=\"title\">STM MicroCut 4.0<\/h1>                    <p class=\"text\">Pr\u00e9cision maximale et coupes extr\u00eamement d\u00e9licates<\/p>                                            <div class=\"wp-block-buttons\">\r\n                                                            <div class=\"wp-block-button\">\r\n                                    <a class=\"wp-block-button__link\" href=\"https:\/\/www.stm-waterjet.com\/wp-content\/uploads\/stm-microcut-datenblatt-2024-1.pdf\" title=\"Voir la fiche produit\" target=\"_blank\">Voir la fiche produit<\/a>\r\n                                <\/div>\r\n                                                    <\/div>\r\n                                    <\/div>\r\n            <\/div>\r\n        <\/div>\r\n    <\/div>\r\n    <div class=\"product-image\">\r\n        <div class=\"container\">\r\n            <div class=\"row\">\r\n                <div class=\"col\">\r\n                                            <img decoding=\"async\" class=\"header-slider-product\" src=\"https:\/\/www.stm-waterjet.com\/wp-content\/uploads\/micro-cut-4-0-1024x598.webp\" alt=\"\" \/>\r\n                                    <\/div>\r\n            <\/div>\r\n        <\/div>\r\n    <\/div>\r\n<\/div>\n<div class=\"wp-block-columns are-vertically-aligned-center is-style-wrap-tablet is-layout-flex wp-container-core-columns-is-layout-f89c9842 wp-block-columns-is-layout-flex\" style=\"margin-top:var(--wp--preset--spacing--50);margin-bottom:var(--wp--preset--spacing--30)\">\n<div class=\"wp-block-column is-vertically-aligned-center is-layout-flow wp-block-column-is-layout-flow\"><div id=\"stm-teaser-box-block_1dc952d5f059e5ad68162ec9b98ba3de\" class=\"stm-teaser-box\">\r\n    <div class=\"stm-teaser-box-inner\">\r\n                    <h3 class=\"title\">Rentable et durable<\/h2>\r\n                                    <ul>\n<li>Haute pr\u00e9cision gr\u00e2ce \u00e0 un syst\u00e8me de mesure direct<\/li>\n<li>Ch\u00e2ssis en granit \u00e0 faibles vibrations<\/li>\n<li>Entra\u00eenements \u00e0 moteur lin\u00e9aire hautement dynamiques<\/li>\n<\/ul>\n                                    <div class=\"icon-wrapper\">\r\n                <svg xmlns=\"http:\/\/www.w3.org\/2000\/svg\" width=\"32\" height=\"30.4\" viewBox=\"0 0 32 30.4\">\r\n  <path id=\"savings_FILL0_wght400_GRAD0_opsz48\" d=\"M26.4,18.4a1.571,1.571,0,1,0-1.14-.46A1.548,1.548,0,0,0,26.4,18.4Zm-12.8-4h8V12h-8ZM8,34.4q-1.2-3.96-1.96-6.8T4.82,22.66q-.46-2.1-.64-3.66A26.192,26.192,0,0,1,4,16,8.491,8.491,0,0,1,6.56,9.76,8.491,8.491,0,0,1,12.8,7.2h8a8.134,8.134,0,0,1,2.74-2.32A7.692,7.692,0,0,1,27.2,4a2.39,2.39,0,0,1,2.4,2.4,1.973,1.973,0,0,1-.06.48,3.418,3.418,0,0,1-.14.44q-.16.44-.3.88a6.355,6.355,0,0,0-.22.96l3.64,3.64H36V23.96l-4.52,1.48L28.8,34.4H20V31.2H16.8v3.2ZM9.8,32h4.6V28.8h8V32H27l2.52-8.4,4.08-1.4v-7H31.52L26.4,10.08a14,14,0,0,1,.22-1.66q.18-.98.5-2.18a9.819,9.819,0,0,0-3.04,1.32A5.554,5.554,0,0,0,22.16,9.6H12.8a6.163,6.163,0,0,0-4.52,1.88A6.163,6.163,0,0,0,6.4,16a33.557,33.557,0,0,0,.88,5.86Q8.16,26.04,9.8,32ZM20,19.12Z\" transform=\"translate(-4 -4)\" fill=\"#1f9ee0\"\/>\r\n<\/svg>            <\/div>\r\n            <\/div>\r\n<\/div>\r\n<\/div>\n\n\n\n<div class=\"wp-block-column is-vertically-aligned-center is-layout-flow wp-block-column-is-layout-flow\"><div id=\"stm-teaser-box-block_5ac593c6b4d5b05e8ecb33dfcd017eec\" class=\"stm-teaser-box\">\r\n    <div class=\"stm-teaser-box-inner\">\r\n                    <h3 class=\"title\">S\u00e9curit\u00e9 maximale<\/h2>\r\n                                    <ul>\n<li>Cadre de serrage variable de haute pr\u00e9cision<\/li>\n<li>Installation enti\u00e8rement encapsul\u00e9e<\/li>\n<li>Dimensions compactes<\/li>\n<\/ul>\n                                    <div class=\"icon-wrapper\">\r\n                <svg viewBox=\"0 0 16 16\">\r\n<path d=\"M15 0l-7 2-7-2c0 0-0.070 0.808 0 2l7 2.189 7-2.189c0.070-1.192 0-2 0-2zM1.128 3.049c0.375 3.917 1.773 10.504 6.872 12.951 5.099-2.448 6.497-9.034 6.872-12.951l-6.872 2.584-6.872-2.584z\"><\/path>\r\n<\/svg>            <\/div>\r\n            <\/div>\r\n<\/div>\r\n<\/div>\n\n\n\n<div class=\"wp-block-column is-vertically-aligned-center is-layout-flow wp-block-column-is-layout-flow\"><div id=\"stm-teaser-box-block_a10a4d74d3cf782c9e13022ca57d832c\" class=\"stm-teaser-box\">\r\n    <div class=\"stm-teaser-box-inner\">\r\n                    <h3 class=\"title\">Facilit\u00e9 d&rsquo;utilisation<\/h2>\r\n                                    <ul>\n<li>Panneau de commande ergonomique<\/li>\n<li>Contr\u00f4le int\u00e9gr\u00e9<\/li>\n<li>Technologie de t\u00eate de coupe de premier ordre<\/li>\n<\/ul>\n                                    <div class=\"icon-wrapper\">\r\n                <svg xmlns=\"http:\/\/www.w3.org\/2000\/svg\" width=\"32\" height=\"28\" viewBox=\"0 0 32 28\">\r\n  <path id=\"point-right\" d=\"M13,60h5a3,3,0,0,0,2.614-4.472A3,3,0,0,0,21.234,51a3,3,0,0,0,.594-3H29a3,3,0,0,0,0-6H16.666L19.6,36.5a3,3,0,0,0-4.762-3.578l-.022.023L8,40.419V39a1,1,0,0,0-1-1H1a1,1,0,0,0-1,1V59a1,1,0,0,0,1,1H7a1,1,0,0,0,1-1V57.618l4.553,2.276A1,1,0,0,0,13,60ZM5,58a1,1,0,1,1,1-1A1,1,0,0,1,5,58Zm8.236,0L8,55.382V43.387L16.286,34.3a1,1,0,0,1,1.592,1.179q-.015.025-.029.051l-3.732,7A1,1,0,0,0,15,44H29a1,1,0,0,1,0,2H19a1,1,0,1,0,0,2,1,1,0,1,1,0,2,1,1,0,1,0,0,2,1,1,0,0,1,0,2H18a1,1,0,1,0,0,2,1,1,0,1,1,0,2Z\" transform=\"translate(0 -32)\" fill=\"#1f9ee0\"\/>\r\n<\/svg>            <\/div>\r\n            <\/div>\r\n<\/div>\r\n<\/div>\n<\/div>\n<div id=\"stm-divider-block_dce63b4c0ec9c64700aaf90d7a901230\" class=\"stm-divider alignfull is-style-2 color-1-white color-2-primary\">\r\n    <div class=\"item-1\" style=\"background-color: var(--wp--preset--color--white);\"><\/div>\r\n            <div class=\"item-2\" style=\"background-color: var(--wp--preset--color--primary);\"><\/div>\r\n    <\/div>\r\n<div id=\"dp-wrapper-block_3ee15eeb78be17d9e6c0e52dbb4f296a\" class=\"dp-wrapper alignfull content-align-top\">\r\n        <div class=\"dp-wrapper-inner default-width\">\r\n        <div class=\"dp-wrapper-col\">\r\n            \n\n<h2 class=\"wp-block-heading has-text-align-center has-xx-large-font-size\" style=\"margin-top:0\">T\u00eates de coupe<\/h2>\n\n\n\n<div class=\"wp-block-columns are-vertically-aligned-center is-style-wrap-tablet has-content-color has-text-color is-layout-flex wp-container-core-columns-is-layout-67821038 wp-block-columns-is-layout-flex\" style=\"margin-top:var(--wp--preset--spacing--40);margin-bottom:var(--wp--preset--spacing--30)\">\n<div class=\"wp-block-column is-vertically-aligned-center is-layout-flow wp-block-column-is-layout-flow\"><div id=\"stm-teaser-box-block_1012290acaf9462536ec0ee72edf4a27\" class=\"stm-teaser-box has-link\">\r\n    <div class=\"stm-teaser-box-inner\">\r\n                    <h3 class=\"title\">T\u00eate de coupe 2D<\/h2>\r\n                                    <ul>\n<li>Haute pr\u00e9cision et vitesse<\/li>\n<li>Support rotatif manuel pour les coupes en chanfrein<\/li>\n<li>Balayage continu du contour de coupe<\/li>\n<\/ul>\n                            <a class=\"link\" href=\"https:\/\/www.stm-waterjet.com\/produkte\/schneidkoepfe\/#2d\" target=\"\">Lire plus<\/a>\r\n                    <\/div>\r\n<\/div>\r\n<\/div>\n\n\n\n<div class=\"wp-block-column is-vertically-aligned-center is-layout-flow wp-block-column-is-layout-flow\"><div id=\"stm-teaser-box-block_affb8697d48c7b79f46e071fa165e514\" class=\"stm-teaser-box has-link\">\r\n    <div class=\"stm-teaser-box-inner\">\r\n                    <h3 class=\"title\">TAC 12\u00b0 T\u00eate de coupe<\/h2>\r\n                                    <ul>\n<li>TaperAngleControl &#8211; Compensation des coupes en biais<\/li>\n<li>Pr\u00e9cision et vitesse maximales<\/li>\n<li>Plage de travail jusqu&rsquo;\u00e0 12<\/li>\n<\/ul>\n                            <a class=\"link\" href=\"https:\/\/www.stm-waterjet.com\/produkte\/schneidkoepfe\/#tac\" target=\"\">Lire plus<\/a>\r\n                    <\/div>\r\n<\/div>\r\n<\/div>\n<\/div>\n\n\r\n        <\/div>\r\n    <\/div>\r\n    <style>\r\n                #dp-wrapper-block_3ee15eeb78be17d9e6c0e52dbb4f296a {\r\n        color: #ffffff;margin-top:0;margin-bottom:0;padding-top:calc(100vw * var(--padding-triangle-num, 17.6326981) \/ 100 + 2em);padding-bottom:2em;        }\r\n        \r\n                #dp-wrapper-block_3ee15eeb78be17d9e6c0e52dbb4f296a:before {\r\n            z-index: 0;\r\n            content: '';\r\n            display: block;\r\n            position: absolute;\r\n            top: 0;\r\n            left: 0;\r\n            height: 100%;\r\n            width: 100%;\r\n            background-color: rgb(248,248,248);\r\n        }\r\n        \r\n                \/* Medium devices (tablets, 768px and up) *\/\r\n        @media (min-width: 768px) {\r\n        #dp-wrapper-block_3ee15eeb78be17d9e6c0e52dbb4f296a {\r\n        padding-top:calc(100vw * var(--padding-triangle-num, 17.6326981) \/ 100);        }\r\n        }\r\n        \r\n        \r\n    <\/style>\r\n<\/div>\r\n<div id=\"stm-divider-block_87240e3fdc652bff4309b9a1156693f1\" class=\"stm-divider alignfull is-style-2 color-1-bg-grey color-2-bg-blue\">\r\n    <div class=\"item-1\" style=\"background-color: var(--wp--preset--color--bg-grey);\"><\/div>\r\n            <div class=\"item-2\" style=\"background-color: var(--wp--preset--color--bg-blue);\"><\/div>\r\n    <\/div>\r\n<div id=\"dp-wrapper-block_9172d8d13c0c8ec3b79f9fb9346c67c1\" class=\"dp-wrapper alignfull content-align-top\">\r\n        <div class=\"dp-wrapper-inner default-width\">\r\n        <div class=\"dp-wrapper-col\">\r\n            \n\n<h2 class=\"wp-block-heading has-white-color has-text-color\" id=\"h-stm-microcut-4-0\">STM MicroCut 4.0<\/h2>\n\n\n\n<h3 class=\"wp-block-heading has-bg-grey-color has-text-color has-large-font-size\" id=\"h-prazise-und-ressorcenschonend\">Pr\u00e9cis et respectueux des ressources <\/h3>\n\n\n\n<p>La machine de d\u00e9coupe au jet d&rsquo;eau MicroCut de derni\u00e8re g\u00e9n\u00e9ration allie la grande r\u00e9p\u00e9titivit\u00e9 et la pr\u00e9cision des entra\u00eenements directs \u00e0 des dimensions ext\u00e9rieures les plus r\u00e9duites possibles. Contrairement aux installations de d\u00e9coupe traditionnelles, la MicroCut permet \u00e9galement de fabriquer des pi\u00e8ces extr\u00eamement fines et hautement fonctionnelles en utilisant plusieurs mat\u00e9riaux, en tout confort et avec une pr\u00e9cision de coupe record. <\/p>\n\n\n\n<p>Le logiciel SmartCut int\u00e9gr\u00e9 permet de r\u00e9aliser des \u00e9conomies significatives de mat\u00e9riel, de personnel et de temps. La MicroCut est donc la solution polyvalente ultime pour la miniaturisation croissante, par exemple dans les domaines de la technique m\u00e9dicale, de la micro\u00e9lectronique et de l&rsquo;\u00e9tanch\u00e9it\u00e9.<\/p>\n\n\n\n<div class=\"wp-block-buttons is-content-justification-left is-layout-flex wp-container-core-buttons-is-layout-5927e68b wp-block-buttons-is-layout-flex\">\n<div class=\"wp-block-button\"><a class=\"wp-block-button__link wp-element-button\" href=\"https:\/\/www.stm-waterjet.com\/fr\/contact\/?form-subject=Anfrage%20MasterCut\">Offre<\/a><\/div>\n\n\n\n<div class=\"wp-block-button is-style-primary\"><a class=\"wp-block-button__link wp-element-button\" href=\"https:\/\/www.stm-waterjet.com\/fr\/contact\/coupe-test\/#testschnitt-anfordern\">Coupe test<\/a><\/div>\n<\/div>\n\n\r\n        <\/div>\r\n    <\/div>\r\n    <style>\r\n                #dp-wrapper-block_9172d8d13c0c8ec3b79f9fb9346c67c1 {\r\n        color: #ffffff;background-image:url(\"https:\/\/www.stm-waterjet.com\/wp-content\/uploads\/bg-structure-dark-grey-big.jpg\");background-position: 50% 50%;background-attachment: scroll;margin-top:0;margin-bottom:0;padding-top:calc(100vw * var(--padding-triangle-num, 17.6326981) \/ 100 + 2em);padding-bottom:calc(100vw * var(--padding-triangle-num, 17.6326981) \/ 100 + 2em);        }\r\n        \r\n        \r\n                \/* Medium devices (tablets, 768px and up) *\/\r\n        @media (min-width: 768px) {\r\n        #dp-wrapper-block_9172d8d13c0c8ec3b79f9fb9346c67c1 {\r\n        padding-top:calc(100vw * var(--padding-triangle-num, 17.6326981) \/ 100);padding-bottom:calc(100vw * var(--padding-triangle-num, 17.6326981) \/ 100);        }\r\n        }\r\n        \r\n        \r\n    <\/style>\r\n<\/div>\r\n<div id=\"stm-divider-block_2d22edc60dde9933db253f191f807108\" class=\"stm-divider alignfull is-style-1 is-mirrored-x is-mirrored-y color-1-bg-blue\">\r\n    <div class=\"item-1\" style=\"background-color: var(--wp--preset--color--bg-blue);\"><\/div>\r\n    <\/div>\r\n<div id=\"dp-wrapper-block_4a8f7507964d0cc772c60b080f73ca72\" class=\"dp-wrapper alignfull content-align-top\">\r\n        <div class=\"dp-wrapper-inner default-width\">\r\n        <div class=\"dp-wrapper-col\">\r\n            \n\n<h2 class=\"wp-block-heading has-white-color has-text-color\" id=\"h-arbeitsflachen-stm-cube\">Plans de travail<\/h2>\n\n\n\n<p class=\"has-link-color wp-elements-38eafa96376fad63271b01b2c19912c1\">D&rsquo;autres tailles que celles mentionn\u00e9es ici sont possibles sur <a href=\"https:\/\/www.stm-waterjet.com\/fr\/contact\/?form-subject=Demande%20Tailles%20Planches%20de%20travail%20MicroCut\" data-type=\"link\" data-id=\"https:\/\/www.stm-waterjet.com\/fr\/contact\/?form-subject=Demande%20Tailles%20Planches%20de%20travail%20MicroCut\">demande<\/a>!<\/p>\n\n\n\r\n<div id=\"dp-spacer-block_a8ad015db4da196da4aadad88517bbdd\" class=\"dp-spacer\">\r\n    <\/div><!-- \/.spacer -->\r\n<style>\r\n    #dp-spacer-block_a8ad015db4da196da4aadad88517bbdd {\r\n        margin-top: 2em;\r\n    }\r\n    @media (min-width: 768px) {\r\n    #dp-spacer-block_a8ad015db4da196da4aadad88517bbdd {\r\n        margin-top: 2em;\r\n    }\r\n    }\r\n    @media (min-width: 1200px) {\r\n    #dp-spacer-block_a8ad015db4da196da4aadad88517bbdd {\r\n        margin-top: 2em;\r\n    }\r\n    }\r\n<\/style>\r\n\n\n\n<figure class=\"wp-block-image aligncenter size-full is-resized has-custom-border\"><a href=\"https:\/\/www.stm-waterjet.com\/wp-content\/uploads\/stm-microcut-arbeitsflaeche.webp\"><img decoding=\"async\" width=\"624\" height=\"851\" src=\"https:\/\/www.stm-waterjet.com\/wp-content\/uploads\/stm-microcut-arbeitsflaeche.webp\" alt=\"Graphique de la taille de la surface de travail de la d&#xE9;coupeuse au jet d'eau Mini EcoCut de STM\" class=\"wp-image-15688\" style=\"border-radius:0px;width:300px;height:undefinedpx\" srcset=\"https:\/\/www.stm-waterjet.com\/wp-content\/uploads\/stm-microcut-arbeitsflaeche.webp 624w, https:\/\/www.stm-waterjet.com\/wp-content\/uploads\/stm-microcut-arbeitsflaeche-220x300.webp 220w\" sizes=\"(max-width: 624px) 100vw, 624px\" \/><\/a><\/figure>\n\n\n\r\n<div id=\"dp-spacer-block_a8ad015db4da196da4aadad88517bbdd\" class=\"dp-spacer\">\r\n    <\/div><!-- \/.spacer -->\r\n<style>\r\n    #dp-spacer-block_a8ad015db4da196da4aadad88517bbdd {\r\n        margin-top: 2em;\r\n    }\r\n    @media (min-width: 768px) {\r\n    #dp-spacer-block_a8ad015db4da196da4aadad88517bbdd {\r\n        margin-top: 2em;\r\n    }\r\n    }\r\n    @media (min-width: 1200px) {\r\n    #dp-spacer-block_a8ad015db4da196da4aadad88517bbdd {\r\n        margin-top: 2em;\r\n    }\r\n    }\r\n<\/style>\r\n\n\n\n<div class=\"wp-block-buttons is-content-justification-center is-layout-flex wp-container-core-buttons-is-layout-a89b3969 wp-block-buttons-is-layout-flex\">\n<div class=\"wp-block-button\"><a class=\"wp-block-button__link wp-element-button\" href=\"https:\/\/www.stm-waterjet.com\/fr\/contact\/?form-subject=Anfrage%20Gr&#xF6;&#xDF;en%20Arbeitsfl&#xE4;chen%20STM%20Cube\">Demander d&rsquo;autres tailles<\/a><\/div>\n<\/div>\n\n\r\n        <\/div>\r\n    <\/div>\r\n    <style>\r\n                #dp-wrapper-block_4a8f7507964d0cc772c60b080f73ca72 {\r\n        color: #ffffff;margin-top:0;margin-bottom:0;padding-top:2em;padding-bottom:2em;        }\r\n        \r\n                #dp-wrapper-block_4a8f7507964d0cc772c60b080f73ca72:before {\r\n            z-index: 0;\r\n            content: '';\r\n            display: block;\r\n            position: absolute;\r\n            top: 0;\r\n            left: 0;\r\n            height: 100%;\r\n            width: 100%;\r\n            background-color: rgb(96,153,184);\r\n        }\r\n        \r\n                \/* Medium devices (tablets, 768px and up) *\/\r\n        @media (min-width: 768px) {\r\n        #dp-wrapper-block_4a8f7507964d0cc772c60b080f73ca72 {\r\n        padding-top:0;padding-bottom:0;        }\r\n        }\r\n        \r\n        \r\n    <\/style>\r\n<\/div>\r\n<div id=\"stm-divider-block_4d7d5ffed0cba45f2239386a13cecbe2\" class=\"stm-divider alignfull is-style-1 color-1-bg-blue\">\r\n    <div class=\"item-1\" style=\"background-color: var(--wp--preset--color--bg-blue);\"><\/div>\r\n    <\/div>\r\n<div id=\"dp-wrapper-block_7f40026777b8b3d2ac578cff793c1ab5\" class=\"dp-wrapper alignfull content-align-top\">\r\n        <div class=\"dp-wrapper-inner default-width\">\r\n        <div class=\"dp-wrapper-col\">\r\n            \n\n<h2 class=\"wp-block-heading\" id=\"details\">D\u00e9tails<\/h2>\n\n\n\n<h3 class=\"wp-block-heading\">Informations d\u00e9taill\u00e9es sur le STM MicroCut<\/h3>\n\n\n<div id=\"stm-tabs-block_47fe6a801fdd96c11e9685cc767c16e8\" class=\"stm-tabs tabs-align-left\">\r\n        <div class=\"stm-tabs-links\"><\/div>\r\n    \n<div id=\"stm-tabs-itemblock_35609f3a44ab71ca9a6f4eee526cbea3\" class=\"stm-tabs-item\" data-tab-title=\"\u00c9quipement\" data-tab-id=\"block_35609f3a44ab71ca9a6f4eee526cbea3_69f5d3aa7bf0f\">\r\n        \n\n<ul class=\"wp-block-list\">\n<li>R\u00e9servoir d&rsquo;abrasif 100 kg avec Minihopper Syst\u00e8me de transport sous pression int\u00e9gr\u00e9 dans le b\u00e2ti de la machine<\/li>\n\n\n\n<li>Bassin de r\u00e9tention en acier inoxydable avec dispositif de rin\u00e7age int\u00e9gr\u00e9 &#8211; Entra\u00eenements<\/li>\n\n\n\n<li>Bac de r\u00e9cup\u00e9ration en acier inoxydable avec dispositif de rin\u00e7age int\u00e9gr\u00e9<\/li>\n\n\n\n<li>Vanne de d\u00e9coupe au jet d&rsquo;eau, t\u00eate abrasive et accessoires<\/li>\n\n\n\n<li>Ordinateur avec \u00e9cran LED 20\u00b0, clavier et souris<\/li>\n\n\n\n<li>Unit\u00e9 de dosage d&rsquo;abrasif CNC avec r\u00e9servoir interm\u00e9diaire<\/li>\n\n\n\n<li>Logiciel de d\u00e9coupe au jet d&rsquo;eau STM SmartCut<\/li>\n\n\n\n<li>Confinement avec porte automatique<\/li>\n\n\n\n<li>Laser de position STM Edge Tracker<\/li>\n\n\n\n<li>B\u00e2ti de machine avec lit de granit<\/li>\n\n\n\n<li>Syst\u00e8me de mesure absolue directe<\/li>\n\n\n\n<li>Commande CNC NUM FLEXIUM<\/li>\n\n\n\n<li>Panneau de commande ergonomique<\/li>\n\n\n\n<li>Cadre de tension de pr\u00e9cision<\/li>\n\n\n\n<li>Entra\u00eenements \u00e0 moteur lin\u00e9aire<\/li>\n<\/ul>\n\n\r\n<\/div>\n\n<div id=\"stm-tabs-itemblock_d455dca367ba8a19bc0923f7b58b6ace\" class=\"stm-tabs-item\" data-tab-title=\"Donn\u00e9es techniques\" data-tab-id=\"block_d455dca367ba8a19bc0923f7b58b6ace_69f5d3aa7c4e4\">\r\n        \n\n<ul class=\"wp-block-list\">\n<li><strong>R\u00e9p\u00e9tabilit\u00e9 :<\/strong> \u00b1 0,0025 mm<\/li>\n\n\n\n<li><strong>pr\u00e9cision de positionnement :<\/strong> \u00b1 0,0025 mm<\/li>\n\n\n\n<li><strong>Vitesse de d\u00e9placement :<\/strong> max. 10 m\/min<\/li>\n<\/ul>\n\n\r\n<\/div>\n\n<div id=\"stm-tabs-itemblock_73d02401a52755620280c048eecd20d3\" class=\"stm-tabs-item\" data-tab-title=\"Applications\" data-tab-id=\"block_73d02401a52755620280c048eecd20d3_69f5d3aa7ca3d\">\r\n        \n\n<ul class=\"wp-block-list\">\n<li>Pr\u00e9cision maximale et \u00e9quipement de coupe <\/li>\n\n\n\n<li>TAC 12\u00b0 Compensation des coupes obliques<\/li>\n\n\n\n<li>Application 2D<\/li>\n<\/ul>\n\n\r\n<\/div>\n\n<div id=\"stm-tabs-itemblock_24d3563661c065c632144fa43a544fce\" class=\"stm-tabs-item\" data-tab-title=\"Options\" data-tab-id=\"block_24d3563661c065c632144fa43a544fce_69f5d3aa7cfeb\">\r\n        \n\n<ul class=\"wp-block-list\">\n<li>STM BasicClean ou OneClean Syst\u00e8mes de rin\u00e7age<\/li>\n\n\n\n<li>T\u00eate de coupe STM TAC 12\u00b0 pour compensation de coupe oblique<\/li>\n\n\n\n<li>R\u00e9gulation du niveau d&rsquo;eau<\/li>\n\n\n\n<li>Broche de per\u00e7age pneumatique<\/li>\n<\/ul>\n\n\r\n<\/div>\n\r\n<\/div>\n\r\n        <\/div>\r\n    <\/div>\r\n    <style>\r\n                #dp-wrapper-block_7f40026777b8b3d2ac578cff793c1ab5 {\r\n        margin-top:0;margin-bottom:0;padding-top:calc(100vw * var(--padding-triangle-num, 17.6326981) \/ 100 + 2em);padding-bottom:2em;        }\r\n        \r\n        \r\n                \/* Medium devices (tablets, 768px and up) *\/\r\n        @media (min-width: 768px) {\r\n        #dp-wrapper-block_7f40026777b8b3d2ac578cff793c1ab5 {\r\n        padding-top:calc(100vw * var(--padding-triangle-num, 17.6326981) \/ 100);padding-bottom:0;        }\r\n        }\r\n        \r\n        \r\n    <\/style>\r\n<\/div>\r\n<div id=\"stm-divider-block_592ace9416eb221a43f994cbcbff09fd\" class=\"stm-divider alignfull is-style-1 color-1-white\">\r\n    <div class=\"item-1\" style=\"background-color: var(--wp--preset--color--white);\"><\/div>\r\n    <\/div>\r\n<div id=\"dp-wrapper-block_9172d8d13c0c8ec3b79f9fb9346c67c1\" class=\"dp-wrapper alignfull content-align-top\">\r\n        <div class=\"dp-wrapper-inner default-width\">\r\n        <div class=\"dp-wrapper-col\">\r\n            \n\n<div class=\"wp-block-columns is-layout-flex wp-container-core-columns-is-layout-28f84493 wp-block-columns-is-layout-flex\">\n<div class=\"wp-block-column is-layout-flow wp-block-column-is-layout-flow\" style=\"flex-basis:66.66%\">\n<h2 class=\"wp-block-heading has-white-color has-text-color\" id=\"h-unbegrenzte-moglichkeiten\">Diversit\u00e9 des mat\u00e9riaux<\/h2>\n\n\n\n<h3 class=\"wp-block-heading has-white-color has-text-color has-large-font-size\" id=\"h-hier-kann-uns-kaum-jemand-das-wasser-reichen\">La d\u00e9coupe au jet d&rsquo;eau offre des possibilit\u00e9s illimit\u00e9es<\/h3>\n\n\n\n<p>La technologie du jet d&rsquo;eau permet de d\u00e9couper <strong>presque tous les mat\u00e9riaux<\/strong>, qu&rsquo;il s&rsquo;agisse de m\u00e9tal, de pierre, de verre, de plastique, etc. \u00eatre trait\u00e9es. C&rsquo;est un proc\u00e9d\u00e9 de d\u00e9coupe \u00e0 froid de <strong>haute pr\u00e9cision et de haute qualit\u00e9<\/strong>.<\/p>\n\n\n\n<p>Nous vous expliquons comment cela fonctionne, quels sont les types &amp; les techniques et dans quels secteurs il est utilis\u00e9.<\/p>\n\n\n\n<div class=\"wp-block-buttons is-content-justification-left is-layout-flex wp-container-core-buttons-is-layout-5927e68b wp-block-buttons-is-layout-flex\">\n<div class=\"wp-block-button\"><a class=\"wp-block-button__link wp-element-button\" href=\"https:\/\/www.stm-waterjet.com\/wasserstrahlschneiden\/\">En savoir plus<\/a><\/div>\n<\/div>\n<\/div>\n\n\n\n<div class=\"wp-block-column is-vertically-aligned-center is-layout-flow wp-block-column-is-layout-flow\" style=\"flex-basis:33.33%\">\n<figure class=\"wp-block-image size-large\"><img decoding=\"async\" src=\"https:\/\/www.stm-waterjet.com\/wp-content\/uploads\/\/stm-materialien-1024x894.webp\" alt=\"Domaines d'application des d&#xE9;coupeurs au jet d'eau STM\" class=\"wp-image-1160\"\/><\/figure>\n<\/div>\n<\/div>\n\n\r\n        <\/div>\r\n    <\/div>\r\n    <style>\r\n                #dp-wrapper-block_9172d8d13c0c8ec3b79f9fb9346c67c1 {\r\n        color: #ffffff;background-image:url(\"https:\/\/www.stm-waterjet.com\/wp-content\/uploads\/bg-structure-dark-grey-big.jpg\");background-position: 50% 50%;background-attachment: scroll;margin-top:0;margin-bottom:0;padding-top:calc(100vw * var(--padding-triangle-num, 17.6326981) \/ 100 + 2em);padding-bottom:calc(100vw * var(--padding-triangle-num, 17.6326981) \/ 100 + 2em);        }\r\n        \r\n        \r\n                \/* Medium devices (tablets, 768px and up) *\/\r\n        @media (min-width: 768px) {\r\n        #dp-wrapper-block_9172d8d13c0c8ec3b79f9fb9346c67c1 {\r\n        padding-top:calc(100vw * var(--padding-triangle-num, 17.6326981) \/ 100);padding-bottom:calc(100vw * var(--padding-triangle-num, 17.6326981) \/ 100);        }\r\n        }\r\n        \r\n        \r\n    <\/style>\r\n<\/div>\r\n","protected":false},"excerpt":{"rendered":"","protected":false},"author":4,"featured_media":519,"parent":9377,"menu_order":6,"comment_status":"closed","ping_status":"closed","template":"","meta":{"_acf_changed":false,"footnotes":""},"class_list":["post-9401","page","type-page","status-publish","has-post-thumbnail","hentry"],"acf":[],"_links":{"self":[{"href":"https:\/\/www.stm-waterjet.com\/fr\/wp-json\/wp\/v2\/pages\/9401","targetHints":{"allow":["GET"]}}],"collection":[{"href":"https:\/\/www.stm-waterjet.com\/fr\/wp-json\/wp\/v2\/pages"}],"about":[{"href":"https:\/\/www.stm-waterjet.com\/fr\/wp-json\/wp\/v2\/types\/page"}],"author":[{"embeddable":true,"href":"https:\/\/www.stm-waterjet.com\/fr\/wp-json\/wp\/v2\/users\/4"}],"replies":[{"embeddable":true,"href":"https:\/\/www.stm-waterjet.com\/fr\/wp-json\/wp\/v2\/comments?post=9401"}],"version-history":[{"count":7,"href":"https:\/\/www.stm-waterjet.com\/fr\/wp-json\/wp\/v2\/pages\/9401\/revisions"}],"predecessor-version":[{"id":18744,"href":"https:\/\/www.stm-waterjet.com\/fr\/wp-json\/wp\/v2\/pages\/9401\/revisions\/18744"}],"up":[{"embeddable":true,"href":"https:\/\/www.stm-waterjet.com\/fr\/wp-json\/wp\/v2\/pages\/9377"}],"wp:featuredmedia":[{"embeddable":true,"href":"https:\/\/www.stm-waterjet.com\/fr\/wp-json\/wp\/v2\/media\/519"}],"wp:attachment":[{"href":"https:\/\/www.stm-waterjet.com\/fr\/wp-json\/wp\/v2\/media?parent=9401"}],"curies":[{"name":"wp","href":"https:\/\/api.w.org\/{rel}","templated":true}]}}