{"id":9429,"date":"2022-09-27T16:23:28","date_gmt":"2022-09-27T14:23:28","guid":{"rendered":"https:\/\/staging.stm-waterjet.com\/entreprise\/"},"modified":"2024-08-01T09:36:10","modified_gmt":"2024-08-01T07:36:10","slug":"entreprise","status":"publish","type":"page","link":"https:\/\/www.stm-waterjet.com\/fr\/entreprise\/","title":{"rendered":"Entreprise"},"content":{"rendered":"<div id=\"stm-header-slider-block_cec3acaa229df5dd4289ce942e7a8796\" class=\"stm-header-slider alignfull is-style-default has-title has-text\">\r\n            <div class=\"stm-header-slider-slides\">\r\n                            <div class=\"slide\">\r\n                    <img decoding=\"async\" class=\"header-slider-image\" src=\"https:\/\/www.stm-waterjet.com\/wp-content\/uploads\/stm-produktionshalle.webp\" alt=\"\" style=\"object-position: 50% 50%\" \/>\r\n                <\/div>\r\n                    <\/div>\r\n                <div class=\"stm-header-slider-divider\">\r\n            <div class=\"item-1 header-slider-divider\"><\/div>\r\n            <div class=\"item-2 header-slider-divider\"><\/div>\r\n        <\/div>\r\n        <div class=\"stm-header-slider-content\">\r\n        <div class=\"container\">\r\n            <div class=\"row\">\r\n                <div class=\"col\">\r\n                    <h1 class=\"title\">Entreprise<\/h1>                    <p class=\"text\">Partenariat, pr\u00e9cision et performance.<\/p>                                    <\/div>\r\n            <\/div>\r\n        <\/div>\r\n    <\/div>\r\n    <div class=\"product-image\">\r\n        <div class=\"container\">\r\n            <div class=\"row\">\r\n                <div class=\"col\">\r\n                                    <\/div>\r\n            <\/div>\r\n        <\/div>\r\n    <\/div>\r\n<\/div>\n<h2 class=\"wp-block-heading has-text-align-center\" id=\"stm-waterjet-gmb-h\">STM Waterjet GmbH<\/h2>\n\n<h3 class=\"wp-block-heading has-text-align-center\" id=\"wir-stellen-uns-vor\">Nous nous pr\u00e9sentons.<\/h3>\n\n<p class=\"has-text-align-center\">La passion, le savoir-faire et une insatiable soif d&rsquo;innovation ont fait de STM un leader international dans le domaine des syst\u00e8mes de d\u00e9coupe au jet d&rsquo;eau. Depuis 50 ans, nous d\u00e9veloppons avec enthousiasme des solutions de production durables, principalement pour les industries de l&rsquo;acier, de l&rsquo;aluminium, du m\u00e9tal, du plastique, des composites, de la pierre et du verre, \u00e0 notre si\u00e8ge social d&rsquo;Eben im Pongau, en Autriche. Le nom STM est synonyme d&rsquo;installations de haute qualit\u00e9, d\u00e9velopp\u00e9es sous forme de syst\u00e8me modulaire, de solutions individuelles tr\u00e8s efficaces, d&rsquo;une orientation client inhabituellement \u00e9lev\u00e9e et de notre passion pour am\u00e9liorer sans cesse la technologie de la d\u00e9coupe au jet d&rsquo;eau.<\/p>\n\n<p class=\"has-text-align-center\">En effet, ce sont nos innovations qui font de la d\u00e9coupe au jet d&rsquo;eau une technologie unique, pr\u00e9cise et fiable.<\/p>\n\n<div class=\"wp-block-buttons is-content-justification-center is-layout-flex wp-container-core-buttons-is-layout-a89b3969 wp-block-buttons-is-layout-flex\">\n<div class=\"wp-block-button\"><a class=\"wp-block-button__link wp-element-button\" href=\"https:\/\/www.stm-waterjet.com\/fr\/produits\/\">Produits<\/a><\/div>\n<\/div>\n\r\n<div id=\"dp-accordion-block_b82e03e4915964780d855fee34192a25\" class=\"dp-accordion\">\r\n    \n\r\n<div id=\"dp-accordion-itemblock_c5b4fce63b8f742161bed6437201339f\" class=\"dp-accordion-item\">\r\n    <div class=\"dp-accordion-heading\">\r\n        <h3>Table des mati\u00e8res<\/h3>\r\n        <svg xmlns=\"http:\/\/www.w3.org\/2000\/svg\" width=\"16\" height=\"16\" viewBox=\"0 0 16 16\"><path d=\"M16 5.5l-1.5-1.5-6.5 6.5-6.5-6.5-1.5 1.5 8 8 8-8z\"><\/path><\/svg>\r\n    <\/div><!-- \/.dp-accordion-heading -->\r\n    <div class=\"dp-accordion-panel\">\r\n        <div class=\"dp-accordion-content\">\r\n            \n\n<div class=\"wp-block-rank-math-toc-block has-content-alt-color has-text-color\" id=\"rank-math-toc\"><h3>Table des mati\u00e8res<\/h3><nav><ul><li class=\"\"><a href=\"#stm-waterjet-gmb-h\">STM Waterjet GmbH<\/a><ul><li class=\"\"><a href=\"#wir-stellen-uns-vor\">Nous nous pr\u00e9sentons.<\/a><\/li><\/ul><\/li><li class=\"\"><a href=\"#unsere-firmen-historie\">Historique de notre entreprise<\/a><ul><li class=\"\"><a href=\"#ein-kurzer-abschnitt-uber-unsere-geschichte\">Un petit paragraphe sur notre histoire.<\/a><\/li><\/ul><\/li><li class=\"\"><a href=\"#made-in-austria\">\u00ab\u00a0Fabriqu\u00e9 en Autriche\u00a0\u00bb<\/a><ul><li class=\"\"><a href=\"#ein-echtes-qualitatsversprechen\">Une v\u00e9ritable promesse de qualit\u00e9.<\/a><\/li><\/ul><\/li><li class=\"\"><a href=\"#unser-anspruch\">Notre exigence<\/a><ul><li class=\"\"><a href=\"#wir-wollen-ihre-erwartungen-nicht-erfullen-sondern-ubertreffen\">Nous ne voulons pas r\u00e9pondre \u00e0 vos attentes &#8211; mais les d\u00e9passer.<\/a><\/li><\/ul><\/li><\/ul><\/nav><\/div>\n\n\r\n        <\/div><!-- \/.dp-accordion-content -->\r\n    <\/div><!-- \/.dp-accordion-panel -->\r\n<\/div>\n\r\n<\/div><div id=\"stm-divider-block_f340cce9ef222bcbc892c2c832b99bc9\" class=\"stm-divider alignfull is-style-2 color-1-white color-2-primary\">\r\n    <div class=\"item-1\" style=\"background-color: var(--wp--preset--color--white);\"><\/div>\r\n            <div class=\"item-2\" style=\"background-color: var(--wp--preset--color--primary);\"><\/div>\r\n    <\/div>\r\n<div id=\"dp-wrapper-block_fda4df30139b66d83ceadfaf1291d5cc\" class=\"dp-wrapper alignfull\">\r\n        <div class=\"dp-wrapper-inner default-width\">\r\n        <div class=\"dp-wrapper-col\">\r\n            \n\n<h2 class=\"wp-block-heading has-white-color has-text-color\" id=\"unsere-firmen-historie\">Historique de notre entreprise<\/h2>\n\n\n\n<h3 class=\"wp-block-heading has-white-color has-text-color\" id=\"ein-kurzer-abschnitt-uber-unsere-geschichte\">Un petit paragraphe sur notre histoire.<\/h3>\n\n\n\n<p>M\u00eame si nous regardons presque toujours vers l&rsquo;avant, nous souhaitons vous proposer une petite r\u00e9trospective. Mais pour nous, notre histoire est avant tout une source d&rsquo;inspiration pour l&rsquo;avenir. Depuis 1992, nous sommes la r\u00e9f\u00e9rence en mati\u00e8re de technologie de jet d&rsquo;eau. Et nous travaillons chaque jour \u00e0 perp\u00e9tuer cette tradition.<\/p>\n\n\n\n<p>L&rsquo;histoire de l&rsquo;entreprise STM Waterjet remonte \u00e0 1974. Cette ann\u00e9e-l\u00e0, la soci\u00e9t\u00e9 STM Stein-Moser GmbH a \u00e9t\u00e9 fond\u00e9e et a pos\u00e9 la premi\u00e8re pierre de l&rsquo;actuel STM Waterjet Group.<\/p>\n\n\n<div id=\"dp-timeline-block_25052f2d3365d4b91952450ac64edaa1\" class=\"dp-timeline is-animated\">\n            <div class=\"dp-timeline-inner\">\n            <ul>\n                                    <li class=\"item\">\n                        <div class=\"content\">\n                            <h6 class=\"title\">1974<\/h6>\n                            <p class=\"text\">Cr\u00e9ation de StM Stein-Moser GmbH<\/p>\n                        <\/div>\n                    <\/li>\n                                    <li class=\"item\">\n                        <div class=\"content\">\n                            <h6 class=\"title\">1992<\/h6>\n                            <p class=\"text\">D\u00e9veloppement de la premi\u00e8re machine de d\u00e9coupe au jet d&rsquo;eau<\/p>\n                        <\/div>\n                    <\/li>\n                                    <li class=\"item\">\n                        <div class=\"content\">\n                            <h6 class=\"title\">2002<\/h6>\n                            <p class=\"text\">100. Syst\u00e8me de d\u00e9coupe au jet d&rsquo;eau livr\u00e9<\/p>\n                        <\/div>\n                    <\/li>\n                                    <li class=\"item\">\n                        <div class=\"content\">\n                            <h6 class=\"title\">2011<\/h6>\n                            <p class=\"text\">D\u00e9coupe au jet d&rsquo;eau 5 axes avec jusqu&rsquo;\u00e0 68\u00b0 STM 3D<\/p>\n                        <\/div>\n                    <\/li>\n                                    <li class=\"item\">\n                        <div class=\"content\">\n                            <h6 class=\"title\">2012<\/h6>\n                            <p class=\"text\">D\u00e9veloppement du syst\u00e8me de rin\u00e7age abrasif STM OneClean<\/p>\n                        <\/div>\n                    <\/li>\n                                    <li class=\"item\">\n                        <div class=\"content\">\n                            <h6 class=\"title\">2012<\/h6>\n                            <p class=\"text\">D\u00e9veloppement du syst\u00e8me de circulation de l&rsquo;eau<\/p>\n                        <\/div>\n                    <\/li>\n                                    <li class=\"item\">\n                        <div class=\"content\">\n                            <h6 class=\"title\">2016<\/h6>\n                            <p class=\"text\">T\u00eate de coupe STM \u00e0 compensation d&rsquo;erreur angulaire TAC\/12<\/p>\n                        <\/div>\n                    <\/li>\n                                    <li class=\"item\">\n                        <div class=\"content\">\n                            <h6 class=\"title\">2018<\/h6>\n                            <p class=\"text\">Acquisition des droits de production des machines de d\u00e9coupe au jet d&rsquo;eau BYSTRONIC ByJet Flex<\/p>\n                        <\/div>\n                    <\/li>\n                                    <li class=\"item\">\n                        <div class=\"content\">\n                            <h6 class=\"title\">2018<\/h6>\n                            <p class=\"text\">Cr\u00e9ation de STM Swiss AG<\/p>\n                        <\/div>\n                    <\/li>\n                                    <li class=\"item\">\n                        <div class=\"content\">\n                            <h6 class=\"title\">2018<\/h6>\n                            <p class=\"text\">Cr\u00e9ation de STM Waterjet Group<\/p>\n                        <\/div>\n                    <\/li>\n                                    <li class=\"item\">\n                        <div class=\"content\">\n                            <h6 class=\"title\">2019<\/h6>\n                            <p class=\"text\">D\u00e9veloppement du BasicClean<\/p>\n                        <\/div>\n                    <\/li>\n                                    <li class=\"item\">\n                        <div class=\"content\">\n                            <h6 class=\"title\">2019<\/h6>\n                            <p class=\"text\">La premi\u00e8re pierre du d\u00e9veloppement de l&rsquo;interface STM IoT est pos\u00e9e.<\/p>\n                        <\/div>\n                    <\/li>\n                                    <li class=\"item\">\n                        <div class=\"content\">\n                            <h6 class=\"title\">2019<\/h6>\n                            <p class=\"text\">Reinwasser GmbH devient STM Premium Partner pour les pi\u00e8ces haute pression Swiss Quality<\/p>\n                        <\/div>\n                    <\/li>\n                                    <li class=\"item\">\n                        <div class=\"content\">\n                            <h6 class=\"title\">2020<\/h6>\n                            <p class=\"text\">StM Stein Moser devient STM Waterjet GmbH<\/p>\n                        <\/div>\n                    <\/li>\n                                    <li class=\"item\">\n                        <div class=\"content\">\n                            <h6 class=\"title\">2022<\/h6>\n                            <p class=\"text\">900. Installation de d\u00e9coupe au jet d&rsquo;eau livr\u00e9e<\/p>\n                        <\/div>\n                    <\/li>\n                                    <li class=\"item\">\n                        <div class=\"content\">\n                            <h6 class=\"title\">2022<\/h6>\n                            <p class=\"text\">D\u00e9veloppement d&rsquo;EcoCut 4.0<\/p>\n                        <\/div>\n                    <\/li>\n                                <div style=\"clear: both;\"><\/div>\n            <\/ul>\n        <\/div>\n    <\/div>\n\n\r\n        <\/div>\r\n    <\/div>\r\n    <style>\r\n                #dp-wrapper-block_fda4df30139b66d83ceadfaf1291d5cc {\r\n        color: #ffffff;margin-top:0;margin-bottom:0;padding-top:calc(100vw * var(--padding-triangle-num, 17.6326981) \/ 100 + 2em);padding-bottom:2em;        }\r\n        \r\n                #dp-wrapper-block_fda4df30139b66d83ceadfaf1291d5cc:before {\r\n            z-index: 0;\r\n            content: '';\r\n            display: block;\r\n            position: absolute;\r\n            top: 0;\r\n            left: 0;\r\n            height: 100%;\r\n            width: 100%;\r\n            background-color: rgb(63,83,94);\r\n        }\r\n        \r\n                \/* Medium devices (tablets, 768px and up) *\/\r\n        @media (min-width: 768px) {\r\n        #dp-wrapper-block_fda4df30139b66d83ceadfaf1291d5cc {\r\n        padding-top:calc(100vw * var(--padding-triangle-num, 17.6326981) \/ 100);padding-bottom:0;        }\r\n        }\r\n        \r\n        \r\n    <\/style>\r\n<\/div>\r\n<div id=\"stm-divider-block_5a63b3648708b5f3f1229c23bb87c56e\" class=\"stm-divider alignfull is-style-3 color-1-secondary color-2-secondary\">\r\n    <div class=\"item-1\" style=\"background-color: var(--wp--preset--color--secondary);\"><\/div>\r\n            <div class=\"item-2\" style=\"background-color: var(--wp--preset--color--secondary);\"><\/div>\r\n    <\/div>\r\n<div id=\"dp-wrapper-block_bb484013df8e27f09bf038971089d934\" class=\"dp-wrapper alignfull content-align-top\">\r\n        <div class=\"dp-wrapper-inner default-width\">\r\n        <div class=\"dp-wrapper-col\">\r\n            \n\n<div class=\"wp-block-columns are-vertically-aligned-center is-layout-flex wp-container-core-columns-is-layout-28f84493 wp-block-columns-is-layout-flex\">\n<div class=\"wp-block-column is-vertically-aligned-center is-layout-flow wp-block-column-is-layout-flow\">\n<h2 class=\"wp-block-heading has-white-color has-text-color\" id=\"made-in-austria\">\u00ab\u00a0Fabriqu\u00e9 en Autriche\u00a0\u00bb<\/h2>\n\n\n\n<h3 class=\"wp-block-heading has-white-color has-text-color has-large-font-size\" id=\"ein-echtes-qualitatsversprechen\">Une v\u00e9ritable promesse de qualit\u00e9.<\/h3>\n\n\n\n<p>Nous fabriquons d\u00e9lib\u00e9r\u00e9ment en Autriche, afin de pouvoir garantir des normes de s\u00e9curit\u00e9 et de qualit\u00e9 plus \u00e9lev\u00e9es que celles des autres fabricants et, surtout, de pouvoir d\u00e9velopper rapidement et de mani\u00e8re flexible des solutions de production individuelles.<\/p>\n\n\n\n<div class=\"wp-block-buttons is-layout-flex wp-block-buttons-is-layout-flex\">\n<div class=\"wp-block-button\"><a class=\"wp-block-button__link wp-element-button\" href=\"https:\/\/www.stm-waterjet.com\/fr\/contact\/\">Demander maintenant<\/a><\/div>\n<\/div>\n<\/div>\n\n\n\n<div class=\"wp-block-column is-vertically-aligned-center is-layout-flow wp-block-column-is-layout-flow\">\n<figure class=\"wp-block-image size-full\"><a href=\"https:\/\/www.stm-waterjet.com\/wp-content\/uploads\/neues-logo-stm-werk-eben.jpg\"><img decoding=\"async\" width=\"600\" height=\"400\" src=\"https:\/\/www.stm-waterjet.com\/wp-content\/uploads\/neues-logo-stm-werk-eben.jpg\" alt=\"STM Waterjet GmbH usine dans la zone industrielle Gasthof S&#xFC;d &#xE0; Eben im Pongau en Autriche.\" class=\"wp-image-9011\" srcset=\"https:\/\/www.stm-waterjet.com\/wp-content\/uploads\/neues-logo-stm-werk-eben.jpg 600w, https:\/\/www.stm-waterjet.com\/wp-content\/uploads\/neues-logo-stm-werk-eben-300x200.jpg 300w\" sizes=\"(max-width: 600px) 100vw, 600px\" \/><\/a><figcaption class=\"wp-element-caption\">Le site de notre entreprise \u00e0<br\/>Eben im Pongau \/ Autriche<\/figcaption><\/figure>\n<\/div>\n<\/div>\n\n\r\n        <\/div>\r\n    <\/div>\r\n    <style>\r\n                #dp-wrapper-block_bb484013df8e27f09bf038971089d934 {\r\n        color: #ffffff;margin-top:0;margin-bottom:0;padding-top:calc(100vw * var(--padding-triangle-num, 17.6326981) \/ 100 + 2em);padding-bottom:calc(100vw * var(--padding-triangle-num, 17.6326981) \/ 100 + 2em);        }\r\n        \r\n                #dp-wrapper-block_bb484013df8e27f09bf038971089d934:before {\r\n            z-index: 0;\r\n            content: '';\r\n            display: block;\r\n            position: absolute;\r\n            top: 0;\r\n            left: 0;\r\n            height: 100%;\r\n            width: 100%;\r\n            background-color: rgb(96,153,184);\r\n        }\r\n        \r\n                \/* Medium devices (tablets, 768px and up) *\/\r\n        @media (min-width: 768px) {\r\n        #dp-wrapper-block_bb484013df8e27f09bf038971089d934 {\r\n        padding-top:calc(100vw * var(--padding-triangle-num, 17.6326981) \/ 100);padding-bottom:calc(100vw * var(--padding-triangle-num, 17.6326981) \/ 100);        }\r\n        }\r\n        \r\n        \r\n    <\/style>\r\n<\/div>\r\n<div id=\"stm-divider-block_47aaf72cc665495d9cc80934d92a5cd3\" class=\"stm-divider alignfull is-style-1 is-mirrored-y color-1-white\">\r\n    <div class=\"item-1\" style=\"background-color: var(--wp--preset--color--white);\"><\/div>\r\n    <\/div>\r\n<div id=\"dp-wrapper-block_849d86adf17c307d2fe0dd8a50a6d1f4\" class=\"dp-wrapper alignfull content-align-top\">\r\n        <div class=\"dp-wrapper-inner default-width\">\r\n        <div class=\"dp-wrapper-col\">\r\n            \n\n<div class=\"wp-block-columns are-vertically-aligned-center is-layout-flex wp-container-core-columns-is-layout-28f84493 wp-block-columns-is-layout-flex\">\n<div class=\"wp-block-column is-vertically-aligned-center is-layout-flow wp-block-column-is-layout-flow\">\n<h2 class=\"wp-block-heading\" id=\"unser-anspruch\">Notre exigence<\/h2>\n\n\n\n<h3 class=\"wp-block-heading has-large-font-size\" id=\"wir-wollen-ihre-erwartungen-nicht-erfullen-sondern-ubertreffen\">Nous ne voulons pas r\u00e9pondre \u00e0 vos attentes &#8211; mais les d\u00e9passer.<\/h3>\n\n\n\n<p>Tous les composants r\u00e9pondent aux exigences les plus \u00e9lev\u00e9es en termes de qualit\u00e9 et de rentabilit\u00e9. Le client ach\u00e8te toujours chez STM la technique la plus r\u00e9cente, car les coop\u00e9rations en mati\u00e8re de recherche (par ex. Institut Fraunhofer, universit\u00e9s) et l&rsquo;am\u00e9lioration constante des produits sont pour nous d&rsquo;une importance capitale.<\/p>\n\n\n\n<p>Pour nos installations, nous utilisons sans exception des composants de marque courante, qui garantissent \u00e0 la fois des d\u00e9lais de livraison courts et un entretien minimal. Et si un petit probl\u00e8me devait tout de m\u00eame survenir, notre service client\u00e8le professionnel et personnalis\u00e9 vous aidera \u00e0 r\u00e9soudre le probl\u00e8me le plus rapidement possible.<\/p>\n\n\n\n<p>Car nous ne voulons pas seulement activer des clients, mais aussi gagner des partenaires \u00e0 long terme, auxquels nous apportons notre soutien et nos conseils bien au-del\u00e0 de la vente.<\/p>\n\n\n\n<div class=\"wp-block-buttons is-layout-flex wp-block-buttons-is-layout-flex\">\n<div class=\"wp-block-button\"><a class=\"wp-block-button__link wp-element-button\" href=\"https:\/\/www.stm-waterjet.com\/fr\/produits\/\">Produits<\/a><\/div>\n<\/div>\n<\/div>\n\n\n\n<div class=\"wp-block-column is-vertically-aligned-center is-layout-flow wp-block-column-is-layout-flow\">\n<figure class=\"wp-block-image size-large\"><a href=\"https:\/\/www.stm-waterjet.com\/wp-content\/uploads\/stm-anspruch.jpg\"><img decoding=\"async\" src=\"https:\/\/www.stm-waterjet.com\/wp-content\/uploads\/\/stm-anspruch-1024x657.jpg\" alt=\"Revendication du STM\" class=\"wp-image-5878\"\/><\/a><\/figure>\n\n\n\n<figure class=\"wp-block-image size-large\"><a href=\"https:\/\/www.stm-waterjet.com\/wp-content\/uploads\/unser-anspruch-2.jpg\"><img decoding=\"async\" src=\"https:\/\/www.stm-waterjet.com\/wp-content\/uploads\/\/unser-anspruch-2-1024x683.jpg\" alt=\"\" class=\"wp-image-6093\"\/><\/a><\/figure>\n<\/div>\n<\/div>\n\n\r\n        <\/div>\r\n    <\/div>\r\n    <style>\r\n                #dp-wrapper-block_849d86adf17c307d2fe0dd8a50a6d1f4 {\r\n        margin-top:0;margin-bottom:0;padding-top:2em;padding-bottom:2em;        }\r\n        \r\n        \r\n                \/* Medium devices (tablets, 768px and up) *\/\r\n        @media (min-width: 768px) {\r\n        #dp-wrapper-block_849d86adf17c307d2fe0dd8a50a6d1f4 {\r\n        padding-top:0;padding-bottom:0;        }\r\n        }\r\n        \r\n        \r\n    <\/style>\r\n<\/div>\r\n\r\n<div id=\"dp-spacer-block_f574ccaf615e77e82dd3e68bb196679b\" class=\"dp-spacer\">\r\n    <\/div><!-- \/.spacer -->\r\n<style>\r\n    #dp-spacer-block_f574ccaf615e77e82dd3e68bb196679b {\r\n        margin-top: calc(1vw * var(--padding-triangle-num));\r\n    }\r\n    @media (min-width: 768px) {\r\n    #dp-spacer-block_f574ccaf615e77e82dd3e68bb196679b {\r\n        margin-top: calc(1vw * var(--padding-triangle-num));\r\n    }\r\n    }\r\n    @media (min-width: 1200px) {\r\n    #dp-spacer-block_f574ccaf615e77e82dd3e68bb196679b {\r\n        margin-top: calc(1vw * var(--padding-triangle-num));\r\n    }\r\n    }\r\n<\/style>\r\n","protected":false},"excerpt":{"rendered":"<p>STM Waterjet GmbH Nous nous pr\u00e9sentons. La passion, le savoir-faire et une insatiable soif d&rsquo;innovation ont fait de STM un leader international dans le domaine des syst\u00e8mes de d\u00e9coupe au [&hellip;]<\/p>\n","protected":false},"author":4,"featured_media":2913,"parent":0,"menu_order":4,"comment_status":"closed","ping_status":"closed","template":"","meta":{"_acf_changed":false,"footnotes":""},"class_list":["post-9429","page","type-page","status-publish","has-post-thumbnail","hentry"],"acf":[],"_links":{"self":[{"href":"https:\/\/www.stm-waterjet.com\/fr\/wp-json\/wp\/v2\/pages\/9429","targetHints":{"allow":["GET"]}}],"collection":[{"href":"https:\/\/www.stm-waterjet.com\/fr\/wp-json\/wp\/v2\/pages"}],"about":[{"href":"https:\/\/www.stm-waterjet.com\/fr\/wp-json\/wp\/v2\/types\/page"}],"author":[{"embeddable":true,"href":"https:\/\/www.stm-waterjet.com\/fr\/wp-json\/wp\/v2\/users\/4"}],"replies":[{"embeddable":true,"href":"https:\/\/www.stm-waterjet.com\/fr\/wp-json\/wp\/v2\/comments?post=9429"}],"version-history":[{"count":2,"href":"https:\/\/www.stm-waterjet.com\/fr\/wp-json\/wp\/v2\/pages\/9429\/revisions"}],"predecessor-version":[{"id":17243,"href":"https:\/\/www.stm-waterjet.com\/fr\/wp-json\/wp\/v2\/pages\/9429\/revisions\/17243"}],"wp:featuredmedia":[{"embeddable":true,"href":"https:\/\/www.stm-waterjet.com\/fr\/wp-json\/wp\/v2\/media\/2913"}],"wp:attachment":[{"href":"https:\/\/www.stm-waterjet.com\/fr\/wp-json\/wp\/v2\/media?parent=9429"}],"curies":[{"name":"wp","href":"https:\/\/api.w.org\/{rel}","templated":true}]}}