{"id":9441,"date":"2022-09-27T16:25:03","date_gmt":"2022-09-27T14:25:03","guid":{"rendered":"https:\/\/staging.stm-waterjet.com\/entreprise\/carriere\/"},"modified":"2026-03-27T16:46:58","modified_gmt":"2026-03-27T15:46:58","slug":"carriere","status":"publish","type":"page","link":"https:\/\/www.stm-waterjet.com\/fr\/entreprise\/carriere\/","title":{"rendered":"Carri\u00e8re"},"content":{"rendered":"<div id=\"stm-header-slider-block_c26133fa5d2724145dba3712c37ad6d8\" class=\"stm-header-slider alignfull is-style-default has-title has-text has-buttons\">\r\n            <div class=\"stm-header-slider-slides\">\r\n                            <div class=\"slide\">\r\n                    <img decoding=\"async\" class=\"header-slider-image\" src=\"https:\/\/www.stm-waterjet.com\/wp-content\/uploads\/DJI_20231221114937_0480_D-1920x1440.jpg\" alt=\"DJI_20231221114937_0480_D\" style=\"object-position: 50% 50%\" \/>\r\n                <\/div>\r\n                    <\/div>\r\n                <div class=\"stm-header-slider-divider\">\r\n            <div class=\"item-1 header-slider-divider\"><\/div>\r\n            <div class=\"item-2 header-slider-divider\"><\/div>\r\n        <\/div>\r\n        <div class=\"stm-header-slider-content\">\r\n        <div class=\"container\">\r\n            <div class=\"row\">\r\n                <div class=\"col\">\r\n                    <h1 class=\"title\">Carri\u00e8re<\/h1>                    <p class=\"text\">Rejoins le STM Cutting Crew.<\/p>                                            <div class=\"wp-block-buttons\">\r\n                                                            <div class=\"wp-block-button\">\r\n                                    <a class=\"wp-block-button__link\" href=\"https:\/\/www.stm-waterjet.com\/fr\/entreprise\/candidature-en-ligne\/?form-job=Demande%20non%20sollicit%C3%A9e\" title=\"Candidature en ligne\" target=\"_blank\">Envoyer une candidature en ligne<\/a>\r\n                                <\/div>\r\n                                                    <\/div>\r\n                                    <\/div>\r\n            <\/div>\r\n        <\/div>\r\n    <\/div>\r\n    <div class=\"product-image\">\r\n        <div class=\"container\">\r\n            <div class=\"row\">\r\n                <div class=\"col\">\r\n                                    <\/div>\r\n            <\/div>\r\n        <\/div>\r\n    <\/div>\r\n<\/div>\n<h2 class=\"wp-block-heading has-text-align-center\" id=\"h-wir-eroffnen-perspektiven\" style=\"margin-top:var(--wp--preset--spacing--50)\">Nous ouvrons des perspectives.<\/h2>\n\n<p class=\"has-text-align-center\"><mark style=\"background-color:rgba(0, 0, 0, 0)\" class=\"has-inline-color has-content-alt-color\">Rejoins le STM Cutting Crew!<\/mark><\/p>\n\n<p class=\"has-text-align-center\">En tant que l&rsquo;un des principaux fournisseurs de syst\u00e8mes de d\u00e9coupe au jet d&rsquo;eau en Europe, nous recherchons en permanence de nouveaux collaborateurs pour atteindre nos objectifs de croissance et renforcer notre \u00e9quipe. Si vous aimez travailler avec passion et fiabilit\u00e9 et que vous souhaitez faire partie d&rsquo;une \u00e9quipe tr\u00e8s ambitieuse, vous \u00eates \u00e0 la bonne adresse.<\/p>\n\n<div class=\"wp-block-columns is-layout-flex wp-container-core-columns-is-layout-e378b19d wp-block-columns-is-layout-flex\" style=\"margin-top:var(--wp--preset--spacing--50);margin-bottom:var(--wp--preset--spacing--50)\">\n<div class=\"wp-block-column is-layout-flow wp-block-column-is-layout-flow\"><div id=\"stm-teaser-box-block_bd4619c32c2f8e08c5d6a38b9ceda14b\" class=\"stm-teaser-box\">\r\n    <div class=\"stm-teaser-box-inner\">\r\n                    <h3 class=\"title\">\u00c9ducation et formation<\/h2>\r\n                                    <p>Nous offrons \u00e0 tous les membres de l&rsquo;\u00e9quipe la possibilit\u00e9 de suivre des formations internes et externes. Les formations continues sont souhait\u00e9es et nous les encourageons.<\/p>\n                                    <div class=\"icon-wrapper\">\r\n                <svg id=\"icon-graduation\" viewBox=\"0 0 16 16\">\r\n<path d=\"M3 9.177v2.323c0 1 2.239 2.5 5 2.5s5-1.5 5-2.5v-2.323l-5 2.5-5-2.5zM8 2l-8 4 8 4 6.491-3.246-0.491 4.246h1v-4.5l1-0.5-8-4zM8.5 6.225c-0.4 0-0.725-0.325-0.725-0.725s0.325-0.725 0.725-0.725 0.725 0.325 0.725 0.725c0 0.4-0.325 0.725-0.725 0.725z\"><\/path>\r\n<\/svg>            <\/div>\r\n            <\/div>\r\n<\/div>\r\n<\/div>\n\n\n\n<div class=\"wp-block-column is-layout-flow wp-block-column-is-layout-flow\"><div id=\"stm-teaser-box-block_4872eb8da5145e9525122e6de9fdeda9\" class=\"stm-teaser-box\">\r\n    <div class=\"stm-teaser-box-inner\">\r\n                    <h3 class=\"title\">Parking<\/h2>\r\n                                    <p>Les employ\u00e9s de STM disposent de suffisamment de places de stationnement dans des carports ou sur des espaces libres sur le site de l&rsquo;entreprise.<\/p>\n                                    <div class=\"icon-wrapper\">\r\n                <svg id=\"icon-automobile\" viewBox=\"0 0 32 28\">\r\n<path d=\"M7.5 17c0-1.375-1.125-2.5-2.5-2.5s-2.5 1.125-2.5 2.5 1.125 2.5 2.5 2.5 2.5-1.125 2.5-2.5zM8.062 12h15.875l-1.391-5.578c-0.047-0.172-0.359-0.422-0.547-0.422h-12c-0.187 0-0.5 0.25-0.547 0.422zM29.5 17c0-1.375-1.125-2.5-2.5-2.5s-2.5 1.125-2.5 2.5 1.125 2.5 2.5 2.5 2.5-1.125 2.5-2.5zM32 15.5v6c0 0.281-0.219 0.5-0.5 0.5h-1.5v2c0 1.656-1.344 3-3 3s-3-1.344-3-3v-2h-16v2c0 1.656-1.344 3-3 3s-3-1.344-3-3v-2h-1.5c-0.281 0-0.5-0.219-0.5-0.5v-6c0-1.937 1.563-3.5 3.5-3.5h0.438l1.641-6.547c0.484-1.969 2.391-3.453 4.422-3.453h12c2.031 0 3.938 1.484 4.422 3.453l1.641 6.547h0.438c1.937 0 3.5 1.563 3.5 3.5z\"><\/path>\r\n<\/svg>            <\/div>\r\n            <\/div>\r\n<\/div>\r\n<\/div>\n<\/div>\n\n<div class=\"wp-block-columns is-layout-flex wp-container-core-columns-is-layout-e378b19d wp-block-columns-is-layout-flex\" style=\"margin-top:var(--wp--preset--spacing--50);margin-bottom:var(--wp--preset--spacing--50)\">\n<div class=\"wp-block-column is-layout-flow wp-block-column-is-layout-flow\"><div id=\"stm-teaser-box-block_e1f4951140bb38077d2db111b58b1c93\" class=\"stm-teaser-box\">\r\n    <div class=\"stm-teaser-box-inner\">\r\n                    <h3 class=\"title\">Indemnit\u00e9 de repas &amp; boissons<\/h2>\r\n                                    <p>Dans notre entreprise, une indemnit\u00e9 de repas ainsi que des boissons sont offertes.<\/p>\n                                    <div class=\"icon-wrapper\">\r\n                <svg id=\"icon-spoon-knife\" viewBox=\"0 0 16 16\">\r\n<path d=\"M3.5 0c-1.657 0-3 1.567-3 3.5 0 1.655 0.985 3.042 2.308 3.406l-0.497 8.096c-0.034 0.549 0.389 0.998 0.939 0.998h0.5c0.55 0 0.972-0.449 0.939-0.998l-0.497-8.096c1.323-0.365 2.308-1.751 2.308-3.406 0-1.933-1.343-3.5-3-3.5zM13.583 0l-0.833 5h-0.625l-0.417-5h-0.417l-0.417 5h-0.625l-0.833-5h-0.417v6.5c0 0.276 0.224 0.5 0.5 0.5h1.302l-0.491 8.002c-0.034 0.549 0.389 0.998 0.939 0.998h0.5c0.55 0 0.972-0.449 0.939-0.998l-0.491-8.002h1.302c0.276 0 0.5-0.224 0.5-0.5v-6.5h-0.417z\"><\/path>\r\n<\/svg>            <\/div>\r\n            <\/div>\r\n<\/div>\r\n<\/div>\n\n\n\n<div class=\"wp-block-column is-layout-flow wp-block-column-is-layout-flow\"><div id=\"stm-teaser-box-block_1f9c73bb46b356120232b29bf8bdf75e\" class=\"stm-teaser-box\">\r\n    <div class=\"stm-teaser-box-inner\">\r\n                    <h3 class=\"title\">\u00c9v\u00e9nements pour les employ\u00e9s<\/h2>\r\n                                    <p>Des \u00e9v\u00e9nements d&rsquo;\u00e9quipe sont r\u00e9guli\u00e8rement organis\u00e9s pour favoriser le climat de travail.<\/p>\n                                    <div class=\"icon-wrapper\">\r\n                <svg id=\"icon-event_available\" viewBox=\"0 0 24 24\">\r\n<path d=\"M18.984 18.984v-10.969h-13.969v10.969h13.969zM18.984 3q0.797 0 1.406 0.609t0.609 1.406v13.969q0 0.797-0.609 1.406t-1.406 0.609h-13.969q-0.844 0-1.43-0.586t-0.586-1.43v-13.969q0-0.797 0.586-1.406t1.43-0.609h0.984v-2.016h2.016v2.016h7.969v-2.016h2.016v2.016h0.984zM16.547 11.063l-5.953 5.953-3.188-3.188 1.078-1.078 2.109 2.109 4.875-4.875z\"><\/path>\r\n<\/svg>            <\/div>\r\n            <\/div>\r\n<\/div>\r\n<\/div>\n<\/div>\n<div id=\"stm-divider-block_0ba8b02f31fd8f9f098100e7233c2460\" class=\"stm-divider alignfull is-style-2 color-1-white color-2-primary\">\r\n    <div class=\"item-1\" style=\"background-color: var(--wp--preset--color--white);\"><\/div>\r\n            <div class=\"item-2\" style=\"background-color: var(--wp--preset--color--primary);\"><\/div>\r\n    <\/div>\r\n<div id=\"dp-wrapper-block_b311a15742a42e20bf9f56ecd463166d\" class=\"dp-wrapper alignfull content-align-top\">\r\n        <div class=\"dp-wrapper-inner default-width\">\r\n        <div class=\"dp-wrapper-col\">\r\n            \n\n<h2 class=\"wp-block-heading has-text-align-center has-bg-grey-color has-text-color\" id=\"h-aktuell-verfugbare-stellen\">Postes actuellement disponibles<\/h2>\n\n\n\n<h3 class=\"wp-block-heading has-text-align-center has-primary-color has-text-color has-x-large-font-size\">STM Waterjet GmbH<\/h3>\n\n\n<div id=\"stm-overview-jobs-block_288d69227f11366eaa0542df58ea3b83\" class=\"stm-overview-jobs\">\r\n            <div class=\"stm-overview-jobs-message\">\r\n            <p>\r\n                D\u00e9sol\u00e9.                Malheureusement, il n&rsquo;y a actuellement aucune offre d&#8217;emploi pour ce site.<br>\r\n                Vous pouvez nous envoyer une candidature spontan\u00e9e.            <\/p>\r\n                            <!-- wp:buttons -->\r\n                <div class=\"wp-block-buttons\"><!-- wp:button -->\r\n                    <div class=\"wp-block-button\">\r\n                        <a class=\"wp-block-button__link\" href=\"https:\/\/www.stm-waterjet.com\/unternehmen\/onlinebewerbung\/?form-job=Demande%20non%20sollicit\u00e9e\">Demande non sollicit\u00e9e<\/a>\r\n                    <\/div>\r\n                    <!-- \/wp:button -->\r\n                <\/div>\r\n                <!-- \/wp:buttons -->\r\n                    <\/div>\r\n    <\/div>\r\n\n\n\r\n<div id=\"dp-spacer-block_005fd010af8154dd1fb05a50a8f96b8c\" class=\"dp-spacer\">\r\n    <\/div><!-- \/.spacer -->\r\n<style>\r\n    #dp-spacer-block_005fd010af8154dd1fb05a50a8f96b8c {\r\n        margin-top: 60px;\r\n    }\r\n    @media (min-width: 768px) {\r\n    #dp-spacer-block_005fd010af8154dd1fb05a50a8f96b8c {\r\n        margin-top: 80px;\r\n    }\r\n    }\r\n    @media (min-width: 1200px) {\r\n    #dp-spacer-block_005fd010af8154dd1fb05a50a8f96b8c {\r\n        margin-top: 100px;\r\n    }\r\n    }\r\n<\/style>\r\n\n\r\n        <\/div>\r\n    <\/div>\r\n    <style>\r\n                #dp-wrapper-block_b311a15742a42e20bf9f56ecd463166d {\r\n        color: #ffffff;margin-top:0;margin-bottom:0;padding-top:calc(100vw * var(--padding-triangle-num, 17.6326981) \/ 100 + 2em);padding-bottom:calc(100vw * var(--padding-triangle-num, 17.6326981) \/ 100 + 2em);        }\r\n        \r\n                #dp-wrapper-block_b311a15742a42e20bf9f56ecd463166d:before {\r\n            z-index: 0;\r\n            content: '';\r\n            display: block;\r\n            position: absolute;\r\n            top: 0;\r\n            left: 0;\r\n            height: 100%;\r\n            width: 100%;\r\n            background-color: rgb(63,83,94);\r\n        }\r\n        \r\n                \/* Medium devices (tablets, 768px and up) *\/\r\n        @media (min-width: 768px) {\r\n        #dp-wrapper-block_b311a15742a42e20bf9f56ecd463166d {\r\n        padding-top:calc(100vw * var(--padding-triangle-num, 17.6326981) \/ 100);padding-bottom:calc(100vw * var(--padding-triangle-num, 17.6326981) \/ 100);        }\r\n        }\r\n        \r\n        \r\n    <\/style>\r\n<\/div>\r\n<div id=\"stm-divider-block_f9775243dbc80eccc64fddfa99eb258e\" class=\"stm-divider alignfull is-style-1 is-mirrored-y color-1-white\">\r\n    <div class=\"item-1\" style=\"background-color: var(--wp--preset--color--white);\"><\/div>\r\n    <\/div>\r\n<div id=\"dp-wrapper-block_b2a85cebc8ed102443ff4d7b1626fe0f\" class=\"dp-wrapper alignfull content-align-top\">\r\n        <div class=\"dp-wrapper-inner default-width\">\r\n        <div class=\"dp-wrapper-col\">\r\n            \n\n<h2 class=\"wp-block-heading has-text-align-center\" id=\"h-initiativbewerbung\">Candidature spontan\u00e9e<\/h2>\n\n\n\n<p class=\"has-text-align-center\">Tu souhaites faire partie de l&rsquo;\u00e9quipe STM, mais tu n&rsquo;as pas trouv\u00e9 de poste qui te convienne parmi les offres d&#8217;emploi publi\u00e9es ? Dans ce cas, envoie-nous ta candidature spontan\u00e9e par e-mail ou remplis notre candidature en ligne. Envoie-nous un CV, une photo et une description du poste souhait\u00e9 et dis-nous pourquoi tu es parfaitement qualifi\u00e9 pour faire partie de l&rsquo;\u00e9quipe STM.<\/p>\n\n\n\n<div class=\"wp-block-buttons is-content-justification-center is-layout-flex wp-container-core-buttons-is-layout-a89b3969 wp-block-buttons-is-layout-flex\">\n<div class=\"wp-block-button\"><a class=\"wp-block-button__link wp-element-button\" href=\"https:\/\/www.stm-waterjet.com\/fr\/entreprise\/candidature-en-ligne\/?form-job=Demande%20non%20sollicit%C3%A9e\">Envoyer une candidature spontan\u00e9e<\/a><\/div>\n<\/div>\n\n\r\n        <\/div>\r\n    <\/div>\r\n    <style>\r\n                #dp-wrapper-block_b2a85cebc8ed102443ff4d7b1626fe0f {\r\n        margin-top:0;margin-bottom:0;padding-top:2em;padding-bottom:0;        }\r\n        \r\n        \r\n                \/* Medium devices (tablets, 768px and up) *\/\r\n        @media (min-width: 768px) {\r\n        #dp-wrapper-block_b2a85cebc8ed102443ff4d7b1626fe0f {\r\n        padding-top:0;        }\r\n        }\r\n        \r\n                \/* Extra large devices (large desktops, 1200px and up) *\/\r\n        @media (min-width: 1200px) {\r\n        #dp-wrapper-block_b2a85cebc8ed102443ff4d7b1626fe0f {\r\n        padding-bottom:0;        }\r\n        }\r\n        \r\n    <\/style>\r\n<\/div>\r\n\r\n<div id=\"dp-wrapper-block_6d37b7765ba905feb2c463042f57e7f6\" class=\"dp-wrapper content-align-top\">\r\n        <div class=\"dp-wrapper-inner default-width\">\r\n        <div class=\"dp-wrapper-col\">\r\n            \n\n<div class=\"wp-block-columns is-layout-flex wp-container-core-columns-is-layout-28f84493 wp-block-columns-is-layout-flex\">\n<div class=\"wp-block-column is-layout-flow wp-block-column-is-layout-flow\">\n<figure class=\"wp-block-embed is-type-video is-provider-youtube wp-block-embed-youtube wp-embed-aspect-16-9 wp-has-aspect-ratio\"><div class=\"wp-block-embed__wrapper\">\n <div class=\"brlbs-cmpnt-container brlbs-cmpnt-content-blocker brlbs-cmpnt-with-individual-styles\" data-borlabs-cookie-content-blocker-id=\"youtube-content-blocker\" data-borlabs-cookie-content=\"PGlmcmFtZSB0aXRsZT0iU1RNIFdhdGVyamV0IEludGVydmlldyBIZWlueiBSZXR0ZW5lZ2dlciIgd2lkdGg9IjUwMCIgaGVpZ2h0PSIyODEiIHNyYz0iaHR0cHM6Ly93d3cueW91dHViZS1ub2Nvb2tpZS5jb20vZW1iZWQvNmVDbEdjZXdPRms\/ZmVhdHVyZT1vZW1iZWQiIGZyYW1lYm9yZGVyPSIwIiBhbGxvdz0iYWNjZWxlcm9tZXRlcjsgYXV0b3BsYXk7IGNsaXBib2FyZC13cml0ZTsgZW5jcnlwdGVkLW1lZGlhOyBneXJvc2NvcGU7IHBpY3R1cmUtaW4tcGljdHVyZTsgd2ViLXNoYXJlIiByZWZlcnJlcnBvbGljeT0ic3RyaWN0LW9yaWdpbi13aGVuLWNyb3NzLW9yaWdpbiIgYWxsb3dmdWxsc2NyZWVuPjwvaWZyYW1lPg==\"><div class=\"brlbs-cmpnt-cb-preset-c brlbs-cmpnt-cb-youtube\"> <div class=\"brlbs-cmpnt-cb-thumbnail\" style=\"background-image: url('https:\/\/www.stm-waterjet.com\/wp-content\/uploads\/borlabs-cookie\/1\/yt_6eClGcewOFk_hqdefault.jpg')\"><\/div> <div class=\"brlbs-cmpnt-cb-main\"> <div class=\"brlbs-cmpnt-cb-play-button\"><\/div> <div class=\"brlbs-cmpnt-cb-content\"> <p class=\"brlbs-cmpnt-cb-description\">Vous \u00eates actuellement en train de consulter le contenu d&rsquo;un espace r\u00e9serv\u00e9 de <strong>YouTube<\/strong>. Pour acc\u00e9der au contenu r\u00e9el, cliquez sur le bouton ci-dessous. Veuillez noter que ce faisant, des donn\u00e9es seront partag\u00e9es avec des providers tiers.<\/p> <a class=\"brlbs-cmpnt-cb-provider-toggle\" href=\"#\" data-borlabs-cookie-show-provider-information role=\"button\">Plus d&rsquo;informations<\/a> <\/div> <div class=\"brlbs-cmpnt-cb-buttons\"> <a class=\"brlbs-cmpnt-cb-btn\" href=\"#\" data-borlabs-cookie-unblock role=\"button\">D\u00e9bloquer le contenu<\/a> <a class=\"brlbs-cmpnt-cb-btn\" href=\"#\" data-borlabs-cookie-accept-service role=\"button\" style=\"display: inherit\">Accepter le service requis et d\u00e9bloquer les contenus<\/a> <\/div> <\/div> <\/div><\/div>\n<\/div><\/figure>\n<\/div>\n\n\n\n<div class=\"wp-block-column is-layout-flow wp-block-column-is-layout-flow\">\n<figure class=\"wp-block-embed is-type-video is-provider-youtube wp-block-embed-youtube wp-embed-aspect-16-9 wp-has-aspect-ratio\"><div class=\"wp-block-embed__wrapper\">\n <div class=\"brlbs-cmpnt-container brlbs-cmpnt-content-blocker brlbs-cmpnt-with-individual-styles\" data-borlabs-cookie-content-blocker-id=\"youtube-content-blocker\" data-borlabs-cookie-content=\"PGlmcmFtZSB0aXRsZT0iU1RNIFdhdGVyamV0IEludGVydmlldyBKdWxpYSBSaWVkZXIiIHdpZHRoPSI1MDAiIGhlaWdodD0iMjgxIiBzcmM9Imh0dHBzOi8vd3d3LnlvdXR1YmUtbm9jb29raWUuY29tL2VtYmVkL0x6eFh5eEtmZmtjP2ZlYXR1cmU9b2VtYmVkIiBmcmFtZWJvcmRlcj0iMCIgYWxsb3c9ImFjY2VsZXJvbWV0ZXI7IGF1dG9wbGF5OyBjbGlwYm9hcmQtd3JpdGU7IGVuY3J5cHRlZC1tZWRpYTsgZ3lyb3Njb3BlOyBwaWN0dXJlLWluLXBpY3R1cmU7IHdlYi1zaGFyZSIgcmVmZXJyZXJwb2xpY3k9InN0cmljdC1vcmlnaW4td2hlbi1jcm9zcy1vcmlnaW4iIGFsbG93ZnVsbHNjcmVlbj48L2lmcmFtZT4=\"><div class=\"brlbs-cmpnt-cb-preset-c brlbs-cmpnt-cb-youtube\"> <div class=\"brlbs-cmpnt-cb-thumbnail\" style=\"background-image: url('https:\/\/www.stm-waterjet.com\/wp-content\/uploads\/borlabs-cookie\/1\/yt_LzxXyxKffkc_hqdefault.jpg')\"><\/div> <div class=\"brlbs-cmpnt-cb-main\"> <div class=\"brlbs-cmpnt-cb-play-button\"><\/div> <div class=\"brlbs-cmpnt-cb-content\"> <p class=\"brlbs-cmpnt-cb-description\">Vous \u00eates actuellement en train de consulter le contenu d&rsquo;un espace r\u00e9serv\u00e9 de <strong>YouTube<\/strong>. Pour acc\u00e9der au contenu r\u00e9el, cliquez sur le bouton ci-dessous. Veuillez noter que ce faisant, des donn\u00e9es seront partag\u00e9es avec des providers tiers.<\/p> <a class=\"brlbs-cmpnt-cb-provider-toggle\" href=\"#\" data-borlabs-cookie-show-provider-information role=\"button\">Plus d&rsquo;informations<\/a> <\/div> <div class=\"brlbs-cmpnt-cb-buttons\"> <a class=\"brlbs-cmpnt-cb-btn\" href=\"#\" data-borlabs-cookie-unblock role=\"button\">D\u00e9bloquer le contenu<\/a> <a class=\"brlbs-cmpnt-cb-btn\" href=\"#\" data-borlabs-cookie-accept-service role=\"button\" style=\"display: inherit\">Accepter le service requis et d\u00e9bloquer les contenus<\/a> <\/div> <\/div> <\/div><\/div>\n<\/div><\/figure>\n<\/div>\n<\/div>\n\n\n\n<div class=\"wp-block-columns is-layout-flex wp-container-core-columns-is-layout-28f84493 wp-block-columns-is-layout-flex\">\n<div class=\"wp-block-column is-layout-flow wp-block-column-is-layout-flow\">\n<figure class=\"wp-block-embed is-type-video is-provider-youtube wp-block-embed-youtube wp-embed-aspect-16-9 wp-has-aspect-ratio\"><div class=\"wp-block-embed__wrapper\">\n <div class=\"brlbs-cmpnt-container brlbs-cmpnt-content-blocker brlbs-cmpnt-with-individual-styles\" data-borlabs-cookie-content-blocker-id=\"youtube-content-blocker\" data-borlabs-cookie-content=\"PGlmcmFtZSB0aXRsZT0iU1RNIFdhdGVyamV0IEludGVydmlldyBTYXNjaGEgQmF1bWFubiIgd2lkdGg9IjUwMCIgaGVpZ2h0PSIyODEiIHNyYz0iaHR0cHM6Ly93d3cueW91dHViZS1ub2Nvb2tpZS5jb20vZW1iZWQvTWpLQll4U01TcVU\/ZmVhdHVyZT1vZW1iZWQiIGZyYW1lYm9yZGVyPSIwIiBhbGxvdz0iYWNjZWxlcm9tZXRlcjsgYXV0b3BsYXk7IGNsaXBib2FyZC13cml0ZTsgZW5jcnlwdGVkLW1lZGlhOyBneXJvc2NvcGU7IHBpY3R1cmUtaW4tcGljdHVyZTsgd2ViLXNoYXJlIiByZWZlcnJlcnBvbGljeT0ic3RyaWN0LW9yaWdpbi13aGVuLWNyb3NzLW9yaWdpbiIgYWxsb3dmdWxsc2NyZWVuPjwvaWZyYW1lPg==\"><div class=\"brlbs-cmpnt-cb-preset-c brlbs-cmpnt-cb-youtube\"> <div class=\"brlbs-cmpnt-cb-thumbnail\" style=\"background-image: url('https:\/\/www.stm-waterjet.com\/wp-content\/uploads\/borlabs-cookie\/1\/yt_MjKBYxSMSqU_hqdefault.jpg')\"><\/div> <div class=\"brlbs-cmpnt-cb-main\"> <div class=\"brlbs-cmpnt-cb-play-button\"><\/div> <div class=\"brlbs-cmpnt-cb-content\"> <p class=\"brlbs-cmpnt-cb-description\">Vous \u00eates actuellement en train de consulter le contenu d&rsquo;un espace r\u00e9serv\u00e9 de <strong>YouTube<\/strong>. Pour acc\u00e9der au contenu r\u00e9el, cliquez sur le bouton ci-dessous. Veuillez noter que ce faisant, des donn\u00e9es seront partag\u00e9es avec des providers tiers.<\/p> <a class=\"brlbs-cmpnt-cb-provider-toggle\" href=\"#\" data-borlabs-cookie-show-provider-information role=\"button\">Plus d&rsquo;informations<\/a> <\/div> <div class=\"brlbs-cmpnt-cb-buttons\"> <a class=\"brlbs-cmpnt-cb-btn\" href=\"#\" data-borlabs-cookie-unblock role=\"button\">D\u00e9bloquer le contenu<\/a> <a class=\"brlbs-cmpnt-cb-btn\" href=\"#\" data-borlabs-cookie-accept-service role=\"button\" style=\"display: inherit\">Accepter le service requis et d\u00e9bloquer les contenus<\/a> <\/div> <\/div> <\/div><\/div>\n<\/div><\/figure>\n<\/div>\n\n\n\n<div class=\"wp-block-column is-layout-flow wp-block-column-is-layout-flow\">\n<figure class=\"wp-block-embed is-type-video is-provider-youtube wp-block-embed-youtube wp-embed-aspect-16-9 wp-has-aspect-ratio\"><div class=\"wp-block-embed__wrapper\">\n <div class=\"brlbs-cmpnt-container brlbs-cmpnt-content-blocker brlbs-cmpnt-with-individual-styles\" data-borlabs-cookie-content-blocker-id=\"youtube-content-blocker\" data-borlabs-cookie-content=\"PGlmcmFtZSB0aXRsZT0iU1RNIFdhdGVyamV0IEludGVydmlldyBGaWxvdSIgd2lkdGg9IjUwMCIgaGVpZ2h0PSIyODEiIHNyYz0iaHR0cHM6Ly93d3cueW91dHViZS1ub2Nvb2tpZS5jb20vZW1iZWQvRVJMVzFNSmZoOUU\/ZmVhdHVyZT1vZW1iZWQiIGZyYW1lYm9yZGVyPSIwIiBhbGxvdz0iYWNjZWxlcm9tZXRlcjsgYXV0b3BsYXk7IGNsaXBib2FyZC13cml0ZTsgZW5jcnlwdGVkLW1lZGlhOyBneXJvc2NvcGU7IHBpY3R1cmUtaW4tcGljdHVyZTsgd2ViLXNoYXJlIiByZWZlcnJlcnBvbGljeT0ic3RyaWN0LW9yaWdpbi13aGVuLWNyb3NzLW9yaWdpbiIgYWxsb3dmdWxsc2NyZWVuPjwvaWZyYW1lPg==\"><div class=\"brlbs-cmpnt-cb-preset-c brlbs-cmpnt-cb-youtube\"> <div class=\"brlbs-cmpnt-cb-thumbnail\" style=\"background-image: url('https:\/\/www.stm-waterjet.com\/wp-content\/uploads\/borlabs-cookie\/1\/yt_ERLW1MJfh9E_hqdefault.jpg')\"><\/div> <div class=\"brlbs-cmpnt-cb-main\"> <div class=\"brlbs-cmpnt-cb-play-button\"><\/div> <div class=\"brlbs-cmpnt-cb-content\"> <p class=\"brlbs-cmpnt-cb-description\">Vous \u00eates actuellement en train de consulter le contenu d&rsquo;un espace r\u00e9serv\u00e9 de <strong>YouTube<\/strong>. Pour acc\u00e9der au contenu r\u00e9el, cliquez sur le bouton ci-dessous. Veuillez noter que ce faisant, des donn\u00e9es seront partag\u00e9es avec des providers tiers.<\/p> <a class=\"brlbs-cmpnt-cb-provider-toggle\" href=\"#\" data-borlabs-cookie-show-provider-information role=\"button\">Plus d&rsquo;informations<\/a> <\/div> <div class=\"brlbs-cmpnt-cb-buttons\"> <a class=\"brlbs-cmpnt-cb-btn\" href=\"#\" data-borlabs-cookie-unblock role=\"button\">D\u00e9bloquer le contenu<\/a> <a class=\"brlbs-cmpnt-cb-btn\" href=\"#\" data-borlabs-cookie-accept-service role=\"button\" style=\"display: inherit\">Accepter le service requis et d\u00e9bloquer les contenus<\/a> <\/div> <\/div> <\/div><\/div>\n<\/div><\/figure>\n<\/div>\n<\/div>\n\n\r\n        <\/div>\r\n    <\/div>\r\n    <style>\r\n        \r\n        \r\n        \r\n        \r\n    <\/style>\r\n<\/div>\r\n\r\n<div id=\"dp-spacer-block_6a0ccc9589229c9516e7702540db2123\" class=\"dp-spacer\">\r\n    <\/div><!-- \/.spacer -->\r\n<style>\r\n    #dp-spacer-block_6a0ccc9589229c9516e7702540db2123 {\r\n        margin-top: calc(1vw * var(--padding-triangle-num));\r\n    }\r\n    @media (min-width: 768px) {\r\n    #dp-spacer-block_6a0ccc9589229c9516e7702540db2123 {\r\n        margin-top: calc(1vw * var(--padding-triangle-num));\r\n    }\r\n    }\r\n    @media (min-width: 1200px) {\r\n    #dp-spacer-block_6a0ccc9589229c9516e7702540db2123 {\r\n        margin-top: calc(1vw * var(--padding-triangle-num));\r\n    }\r\n    }\r\n<\/style>\r\n","protected":false},"excerpt":{"rendered":"<p>Nous ouvrons des perspectives. Rejoins le STM Cutting Crew! En tant que l&rsquo;un des principaux fournisseurs de syst\u00e8mes de d\u00e9coupe au jet d&rsquo;eau en Europe, nous recherchons en permanence de [&hellip;]<\/p>\n","protected":false},"author":4,"featured_media":8008,"parent":9429,"menu_order":4,"comment_status":"closed","ping_status":"closed","template":"","meta":{"_acf_changed":false,"footnotes":""},"class_list":["post-9441","page","type-page","status-publish","has-post-thumbnail","hentry"],"acf":[],"_links":{"self":[{"href":"https:\/\/www.stm-waterjet.com\/fr\/wp-json\/wp\/v2\/pages\/9441","targetHints":{"allow":["GET"]}}],"collection":[{"href":"https:\/\/www.stm-waterjet.com\/fr\/wp-json\/wp\/v2\/pages"}],"about":[{"href":"https:\/\/www.stm-waterjet.com\/fr\/wp-json\/wp\/v2\/types\/page"}],"author":[{"embeddable":true,"href":"https:\/\/www.stm-waterjet.com\/fr\/wp-json\/wp\/v2\/users\/4"}],"replies":[{"embeddable":true,"href":"https:\/\/www.stm-waterjet.com\/fr\/wp-json\/wp\/v2\/comments?post=9441"}],"version-history":[{"count":5,"href":"https:\/\/www.stm-waterjet.com\/fr\/wp-json\/wp\/v2\/pages\/9441\/revisions"}],"predecessor-version":[{"id":19200,"href":"https:\/\/www.stm-waterjet.com\/fr\/wp-json\/wp\/v2\/pages\/9441\/revisions\/19200"}],"up":[{"embeddable":true,"href":"https:\/\/www.stm-waterjet.com\/fr\/wp-json\/wp\/v2\/pages\/9429"}],"wp:featuredmedia":[{"embeddable":true,"href":"https:\/\/www.stm-waterjet.com\/fr\/wp-json\/wp\/v2\/media\/8008"}],"wp:attachment":[{"href":"https:\/\/www.stm-waterjet.com\/fr\/wp-json\/wp\/v2\/media?parent=9441"}],"curies":[{"name":"wp","href":"https:\/\/api.w.org\/{rel}","templated":true}]}}