{"id":9445,"date":"2022-09-27T16:25:30","date_gmt":"2022-09-27T14:25:30","guid":{"rendered":"https:\/\/staging.stm-waterjet.com\/entreprise\/candidature-en-ligne\/"},"modified":"2023-09-08T10:00:32","modified_gmt":"2023-09-08T08:00:32","slug":"candidature-en-ligne","status":"publish","type":"page","link":"https:\/\/www.stm-waterjet.com\/fr\/entreprise\/candidature-en-ligne\/","title":{"rendered":"Candidature en ligne"},"content":{"rendered":"\r\n<div id=\"dp-spacer-block_23e08a780733472bda840ad652ed67dc\" class=\"dp-spacer\">\r\n    <\/div><!-- \/.spacer -->\r\n<style>\r\n    #dp-spacer-block_23e08a780733472bda840ad652ed67dc {\r\n        margin-top: 150px;\r\n    }\r\n    @media (min-width: 768px) {\r\n    #dp-spacer-block_23e08a780733472bda840ad652ed67dc {\r\n        margin-top: 150px;\r\n    }\r\n    }\r\n    @media (min-width: 1200px) {\r\n    #dp-spacer-block_23e08a780733472bda840ad652ed67dc {\r\n        margin-top: 100px;\r\n    }\r\n    }\r\n<\/style>\r\n\n\n\r\n<div id=\"application\" class=\"dp-wrapper alignfull\">\r\n        <div class=\"dp-wrapper-inner narrow-width\">\r\n        <div class=\"dp-wrapper-col\">\r\n            \n\n<h1 class=\"wp-block-heading has-text-align-center\" id=\"h-bewerbungsformular\" style=\"margin-top:0\">Formulaire de candidature<\/h1>\n\n\n<div class=\"frm_forms  with_frm_style frm_style_stm\" id=\"frm_form_4_container\" data-token=\"29f6fafd692155beed8e1517657fb6ea\">\n<form enctype=\"multipart\/form-data\" method=\"post\" class=\"frm-show-form  frm_js_validate  frm_pro_form \" id=\"form_application\" data-token=\"29f6fafd692155beed8e1517657fb6ea\">\n<div class=\"frm_form_fields \">\n<fieldset>\n<legend class=\"frm_screen_reader\">Candidature<\/legend>\r\n\r\n<div class=\"frm_fields_container\">\n<input type=\"hidden\" name=\"frm_action\" value=\"create\" \/>\n<input type=\"hidden\" name=\"form_id\" value=\"4\" \/>\n<input type=\"hidden\" name=\"frm_hide_fields_4\" id=\"frm_hide_fields_4\" value=\"\" \/>\n<input type=\"hidden\" name=\"form_key\" value=\"application\" \/>\n<input type=\"hidden\" name=\"item_meta[0]\" value=\"\" \/>\n<input type=\"hidden\" id=\"frm_submit_entry_4\" name=\"frm_submit_entry_4\" value=\"f481732513\" \/><input type=\"hidden\" name=\"_wp_http_referer\" value=\"\/fr\/wp-json\/wp\/v2\/pages\/9445\" \/>\t\t<input  type=\"hidden\" name=\"item_meta[28]\" id=\"field_language3\" value=\"fr\"  data-frmval=\"fr\"   \/>\n\t\t\t\t<input  type=\"hidden\" name=\"item_meta[137]\" id=\"field_ea78\" value=\"https:\/\/www.stm-waterjet.com\/fr\/entreprise\/candidature-en-ligne\/merci-beaucoup\/\"  data-frmval=\"https:\/\/www.stm-waterjet.com\/fr\/entreprise\/candidature-en-ligne\/merci-beaucoup\/\"   \/>\n\t\t<div id=\"frm_field_31_container\" class=\"frm_form_field form-field  frm_required_field frm_inside_container frm12 frm_first\">\r\n    <label for=\"field_name3\" id=\"field_name3_label\" class=\"frm_primary_label\">Nom\r\n        <span class=\"frm_required\" aria-hidden=\"true\">*<\/span>\r\n    <\/label>\r\n    <input  type=\"text\" id=\"field_name3\" name=\"item_meta[31]\" value=\"\"  data-reqmsg=\"Ce champ est obligatoire.\" aria-required=\"true\" data-invmsg=\"Le texte n&#039;est pas valide\" aria-invalid=\"false\"   \/>\r\n    \r\n    \r\n<\/div>\n<div id=\"frm_field_32_container\" class=\"frm_form_field form-field  frm_required_field frm_inside_container frm6 frm_first\">\r\n    <label for=\"field_mail3\" id=\"field_mail3_label\" class=\"frm_primary_label\">E-mail\r\n        <span class=\"frm_required\" aria-hidden=\"true\">*<\/span>\r\n    <\/label>\r\n    <input type=\"email\" id=\"field_mail3\" name=\"item_meta[32]\" value=\"\"  data-reqmsg=\"Ce champ est obligatoire.\" aria-required=\"true\" data-invmsg=\"Veuillez saisir une adresse e-mail valide.\" aria-invalid=\"false\"  \/>\r\n    \r\n    \r\n<\/div>\n<div id=\"frm_field_33_container\" class=\"frm_form_field form-field  frm_required_field frm_inside_container frm6\">\r\n    <label for=\"field_phone3\" id=\"field_phone3_label\" class=\"frm_primary_label\">T\u00e9l\u00e9phone\r\n        <span class=\"frm_required\" aria-hidden=\"true\">*<\/span>\r\n    <\/label>\r\n    <input type=\"tel\" id=\"field_phone3\" name=\"item_meta[33]\" value=\"\"  data-reqmsg=\"Ce champ est obligatoire.\" aria-required=\"true\" data-invmsg=\"Veuillez saisir un num\u00e9ro de t\u00e9l\u00e9phone valide.\" aria-invalid=\"false\" pattern=\"((\\+\\d{1,3}(-|.| )?\\(?\\d\\)?(-| |.)?\\d{1,5})|(\\(?\\d{2,6}\\)?))(-|.| )?(\\d{3,4})(-|.| )?(\\d{4})(( x| ext)\\d{1,5}){0,1}$\"  \/>\r\n    \r\n    \r\n<\/div>\n<div id=\"frm_field_109_container\" class=\"frm_form_field form-field  frm_required_field frm_top_container\">\r\n    <label for=\"field_ub0hd\" id=\"field_ub0hd_label\" class=\"frm_primary_label\">Site\r\n        <span class=\"frm_required\" aria-hidden=\"true\">*<\/span>\r\n    <\/label>\r\n    \t\t<select name=\"item_meta[109]\" id=\"field_ub0hd\"  data-frmval=\"bewerbung@stm-waterjet.com\" data-reqmsg=\"Ce champ est obligatoire.\" aria-required=\"true\" data-invmsg=\"Site est non valide\" aria-invalid=\"false\"  >\n\t\t<option  value=\"bewerbung@stm-waterjet.com\" selected='selected'>STM Austria<\/option><option  value=\"bewerbung@waterjet-service.com\">RWS Waterjet Service GmbH<\/option>\t<\/select>\n\t\r\n    \r\n    \r\n<\/div>\n<div id=\"frm_field_34_container\" class=\"frm_form_field form-field  frm_required_field frm_inside_container\">\r\n    <label for=\"field_message3\" id=\"field_message3_label\" class=\"frm_primary_label\">Poste souhait\u00e9\r\n        <span class=\"frm_required\" aria-hidden=\"true\">*<\/span>\r\n    <\/label>\r\n    <textarea data-auto-grow=\"1\"  name=\"item_meta[34]\" id=\"field_message3\" rows=\"1\"  data-reqmsg=\"Ce champ est obligatoire.\" aria-required=\"true\" data-invmsg=\"Votre message n&#039;est pas valide.\" aria-invalid=\"false\"  ><\/textarea>\r\n    \r\n    \r\n<\/div>\n<div id=\"frm_field_37_container\" class=\"frm_form_field form-field  frm_required_field frm_inside_container\">\r\n    <label for=\"field_rwa44\" id=\"field_rwa44_label\" class=\"frm_primary_label\">Votre message\r\n        <span class=\"frm_required\" aria-hidden=\"true\">*<\/span>\r\n    <\/label>\r\n    <textarea data-auto-grow=\"1\"  name=\"item_meta[37]\" id=\"field_rwa44\" rows=\"1\"  data-reqmsg=\"Ce champ est obligatoire.\" aria-required=\"true\" data-invmsg=\"Votre message n&#039;est pas valide.\" aria-invalid=\"false\"  ><\/textarea>\r\n    \r\n    \r\n<\/div>\n<div id=\"frm_field_35_container\" class=\"frm_form_field form-field  frm_top_container\">\r\n    <label for=\"field_reoi42\" id=\"field_reoi42_label\" class=\"frm_primary_label\">T\u00e9l\u00e9chargement de fichiers\r\n        <span class=\"frm_required\" aria-hidden=\"true\"><\/span>\r\n    <\/label>\r\n    <input type=\"hidden\"  data-invmsg=\"Le t\u00e9l\u00e9chargement du fichier n&#039;est pas valide\" class=\"auto_width\" aria-invalid=\"false\"   name=\"item_meta[35]\"  value=\"\" data-frmfile=\"35\" \/>\n\n<div class=\"frm_dropzone frm_single_upload frm_clearfix\" id=\"file35_dropzone\" role=\"group\" >\n\t<div class=\"fallback\">\n\t\t<input type=\"file\" name=\"file35\" id=\"field_reoi42\"\n\t\t\t data-invmsg=\"Le t\u00e9l\u00e9chargement du fichier n&#039;est pas valide\" class=\"auto_width\" aria-invalid=\"false\"  \t\t\t\/>\n\t\t\t\t<div class=\"frm_clearfix \"><\/div>\n\t<\/div>\n\t<div class=\"dz-message needsclick\">\n\t\t\t\t<svg  viewBox=\"0 0 18 18\" class=\"frmsvg frm-svg-icon\">\n\t<path viewBox=\"0 0 18 18\" fill-rule=\"evenodd\" clip-rule=\"evenodd\" d=\"M8.2 4v8a.8.8 0 001.5 0V4l2.1 2.2A.7.7 0 1013 5L9.5 1.7a.7.7 0 00-1.1 0L5.1 5.2a.8.8 0 001 1l2.1-2zm7.6 4.3c.4 0 .7.3.7.7v6.8c0 .4-.3.7-.8.7H2.3a.8.8 0 01-.8-.8V9A.8.8 0 013 9v6h12V9c0-.4.3-.8.8-.8z\"><\/path>\n<\/svg>\t\t<span class=\"frm_upload_text\"><button type=\"button\" aria-label=\"T\u00e9l\u00e9chargement de fichiers. D\u00e9poser le fichier ici ou cliquer pour le t\u00e9l\u00e9charger. Taille de fichier maximale\u00a0: 15MB\">D\u00e9poser le fichier ici ou cliquer pour le t\u00e9l\u00e9charger<\/button><\/span>\n\t\t<span class=\"frm_compact_text\"><button type=\"button\" aria-label=\"T\u00e9l\u00e9chargement de fichiers. Choisir le fichier. Taille de fichier maximale\u00a0: 15MB\">Choisir le fichier<\/button><\/span>\n\t\t<div class=\"frm_small_text\">\n\t\t\t<p>Taille de fichier maximale\u00a0: 15MB<\/p>\n\t\t<\/div>\n\t<\/div>\n<\/div>\n\t\r\n    \r\n    \r\n<\/div>\n<div id=\"frm_field_36_container\" class=\"frm_form_field form-field  frm_required_field frm_none_container vertical_radio\">\r\n    <div  id=\"field_jlehi3_label\" class=\"frm_primary_label\">RGPD\r\n        <span class=\"frm_required\" aria-hidden=\"true\">*<\/span>\r\n    <\/div>\r\n    <div class=\"frm_opt_container\" aria-labelledby=\"field_jlehi3_label\" role=\"group\">\t\t<div class=\"frm_checkbox\" id=\"frm_checkbox_36-0\">\t\t\t<label  for=\"field_jlehi3-0\">\n\t\t\t<input type=\"checkbox\" name=\"item_meta[36][]\" id=\"field_jlehi3-0\" value=\"akzeptiert\"  data-reqmsg=\"Veuillez accepter la politique de confidentialit\u00e9.\" data-invmsg=\"RGPD est non valide\"   aria-required=\"true\"  \/> J&rsquo;accepte les dispositions relatives \u00e0 la <a href=\"\/fr\/privacy-policy\/\" target=\"_blank\">protection des donn\u00e9es<\/a>. <span class=\"frm_required\">*<\/span><\/label><\/div>\n<\/div>\r\n    \r\n    \r\n<\/div>\n<div id=\"frm_field_158_container\" class=\"frm_form_field form-field  frm_none_container\">\n\t<label for=\"g-recaptcha-response\" id=\"field_7r334_label\" class=\"frm_primary_label\">CAPTCHA\n\t\t<span class=\"frm_required\" aria-hidden=\"true\"><\/span>\n\t<\/label>\n\t<div  id=\"field_7r334\" class=\"frm-g-recaptcha\" data-sitekey=\"6LcMNrkqAAAAAAT-PtmAlcOWhz0qgdRZ73lCUE5G\" data-size=\"invisible\" data-theme=\"light\"><\/div>\n\t\n\t\n<\/div>\n<div id=\"frm_field_143_container\" class=\"frm_form_field form-field \">\n\t<div class=\"wp-block-buttons\">\r\n<div class=\"wp-block-button\">\r\n\r\n<button class=\"wp-block-button__link\" type=\"submit\"   class=\"frm_final_submit\" formnovalidate=\"formnovalidate\">Soumettre<\/button>\r\n\r\n\r\n<\/div>\r\n<\/div>\n<\/div>\n\t<input type=\"hidden\" name=\"item_key\" value=\"\" \/>\n\t\t\t<div id=\"frm_field_179_container\">\n\t\t\t<label for=\"field_egoym\" >\n\t\t\t\tSi vous \u00eates un humain, ne remplissez pas ce champ.\t\t\t<\/label>\n\t\t\t<input  id=\"field_egoym\" type=\"text\" class=\"frm_form_field form-field frm_verify\" name=\"item_meta[179]\" value=\"\"  \/>\n\t\t<\/div>\n\t\t<input name=\"frm_state\" type=\"hidden\" value=\"bbSO3T0HzWcLHQ1an4D2YYClY+cSzxslQfpWRf+cNXSdc87QGCnnWZUTKHAxlrDuZfCUjGr9zlH6ZUt55eBlBlzHcOyKJDPi1+pedVyO6DHJ3Xk\/32Py7afvpD0jTfc6arIv+Z6iMdjtAsvkvTSHw1vU9qohZUfCnt3uwq6SeoMqbFJY4ZIfAy2XR6dBYkRqmmwlwOcnBJ7Wge8uVzAEIGRk4zmWBhKzVekZROQ2ERo=\" \/><\/div>\n<\/fieldset>\n<\/div>\n\n<\/form>\n<\/div>\n\n\r\n        <\/div>\r\n    <\/div>\r\n    <style>\r\n                #application {\r\n        margin-top:0;margin-bottom:0;padding-top:100px;        }\r\n        \r\n        \r\n        \r\n        \r\n    <\/style>\r\n<\/div>\r\n\n\n\r\n<div id=\"dp-spacer-block_afc660ac0dc0d5391ab5f1a7ed1fc74a\" class=\"dp-spacer\">\r\n    <\/div><!-- \/.spacer -->\r\n<style>\r\n    #dp-spacer-block_afc660ac0dc0d5391ab5f1a7ed1fc74a {\r\n        margin-top: calc(1vw * var(--padding-triangle-num));\r\n    }\r\n    @media (min-width: 768px) {\r\n    #dp-spacer-block_afc660ac0dc0d5391ab5f1a7ed1fc74a {\r\n        margin-top: calc(1vw * var(--padding-triangle-num));\r\n    }\r\n    }\r\n    @media (min-width: 1200px) {\r\n    #dp-spacer-block_afc660ac0dc0d5391ab5f1a7ed1fc74a {\r\n        margin-top: calc(1vw * var(--padding-triangle-num));\r\n    }\r\n    }\r\n<\/style>\r\n","protected":false},"excerpt":{"rendered":"","protected":false},"author":4,"featured_media":0,"parent":9429,"menu_order":5,"comment_status":"closed","ping_status":"closed","template":"","meta":{"_acf_changed":false,"footnotes":""},"class_list":["post-9445","page","type-page","status-publish","hentry"],"acf":[],"_links":{"self":[{"href":"https:\/\/www.stm-waterjet.com\/fr\/wp-json\/wp\/v2\/pages\/9445","targetHints":{"allow":["GET"]}}],"collection":[{"href":"https:\/\/www.stm-waterjet.com\/fr\/wp-json\/wp\/v2\/pages"}],"about":[{"href":"https:\/\/www.stm-waterjet.com\/fr\/wp-json\/wp\/v2\/types\/page"}],"author":[{"embeddable":true,"href":"https:\/\/www.stm-waterjet.com\/fr\/wp-json\/wp\/v2\/users\/4"}],"replies":[{"embeddable":true,"href":"https:\/\/www.stm-waterjet.com\/fr\/wp-json\/wp\/v2\/comments?post=9445"}],"version-history":[{"count":0,"href":"https:\/\/www.stm-waterjet.com\/fr\/wp-json\/wp\/v2\/pages\/9445\/revisions"}],"up":[{"embeddable":true,"href":"https:\/\/www.stm-waterjet.com\/fr\/wp-json\/wp\/v2\/pages\/9429"}],"wp:attachment":[{"href":"https:\/\/www.stm-waterjet.com\/fr\/wp-json\/wp\/v2\/media?parent=9445"}],"curies":[{"name":"wp","href":"https:\/\/api.w.org\/{rel}","templated":true}]}}