{"id":9453,"date":"2022-09-27T16:26:19","date_gmt":"2022-09-27T14:26:19","guid":{"rendered":"https:\/\/staging.stm-waterjet.com\/entreprise\/recherche-et-developpement\/"},"modified":"2023-09-08T10:09:28","modified_gmt":"2023-09-08T08:09:28","slug":"recherche-et-developpement","status":"publish","type":"page","link":"https:\/\/www.stm-waterjet.com\/fr\/entreprise\/recherche-et-developpement\/","title":{"rendered":"Recherche et d\u00e9veloppement"},"content":{"rendered":"<div id=\"stm-header-slider-block_07301d95ee012e052494d65aa48b6cfa\" class=\"stm-header-slider alignfull is-style-default has-title has-text has-buttons\">\r\n            <div class=\"stm-header-slider-slides\">\r\n                            <div class=\"slide\">\r\n                    <img decoding=\"async\" class=\"header-slider-image\" src=\"https:\/\/www.stm-waterjet.com\/wp-content\/uploads\/stm-research.jpg\" alt=\"RWS Mitarbeiter beim analysieren der Testergebnisse \" style=\"object-position: 50% 80%\" \/>\r\n                <\/div>\r\n                    <\/div>\r\n                <div class=\"stm-header-slider-divider\">\r\n            <div class=\"item-1 header-slider-divider\"><\/div>\r\n            <div class=\"item-2 header-slider-divider\"><\/div>\r\n        <\/div>\r\n        <div class=\"stm-header-slider-content\">\r\n        <div class=\"container\">\r\n            <div class=\"row\">\r\n                <div class=\"col\">\r\n                    <h1 class=\"title\">Recherche et d\u00e9veloppement<\/h1>                    <p class=\"text\">Celui qui veut faire bouger les choses ne doit jamais rester immobile.<\/p>                                            <div class=\"wp-block-buttons\">\r\n                                                            <div class=\"wp-block-button\">\r\n                                    <a class=\"wp-block-button__link\" href=\"https:\/\/www.stm-waterjet.com\/kontakt\/\" title=\"Envoyer une demande\" target=\"\">Envoyer une demande<\/a>\r\n                                <\/div>\r\n                                                    <\/div>\r\n                                    <\/div>\r\n            <\/div>\r\n        <\/div>\r\n    <\/div>\r\n    <div class=\"product-image\">\r\n        <div class=\"container\">\r\n            <div class=\"row\">\r\n                <div class=\"col\">\r\n                                    <\/div>\r\n            <\/div>\r\n        <\/div>\r\n    <\/div>\r\n<\/div>\n<h2 class=\"wp-block-heading has-text-align-center\" id=\"h-wir-sind-der-zeit-einen-schnitt-voraus\">Nous avons une longueur d&rsquo;avance sur le temps.<\/h2>\n\n<p class=\"has-text-align-center\">Pour un leader de l&rsquo;innovation comme STM, les domaines de la recherche et du d\u00e9veloppement sont d&rsquo;une importance fondamentale. Notre service de d\u00e9veloppement interne con\u00e7oit et recherche chaque jour de nouvelles technologies et solutions. La t\u00eate de d\u00e9coupe 3D STM est un exemple de la force d&rsquo;innovation de STM. Il est la solution cin\u00e9matique pour les processus de d\u00e9coupe 5 axes de la technologie STM \u00e0 jet d&rsquo;eau. Gr\u00e2ce au \u00ab\u00a0Tool-Center-Point\u00a0\u00bb fixe, l&rsquo;angle de coupe peut \u00eatre modifi\u00e9 \u00e0 volont\u00e9 sans d\u00e9placer les axes X,Y ou Z. Selon le mod\u00e8le, des angles de coupe entre 0 et 68\u00b0 sont possibles.<\/p>\n\n<p class=\"has-text-align-center\">Afin de garantir \u00e0 long terme la croissance dynamique de l&rsquo;entreprise et notre avance technologique, nous avons massivement d\u00e9velopp\u00e9 notre d\u00e9partement de recherche et d\u00e9veloppement. L&rsquo;ajout d&rsquo;un centre R&amp;D moderne en 2017 cr\u00e9e les conditions n\u00e9cessaires pour que le d\u00e9veloppement des composants puisse se poursuivre dans des conditions optimales.<\/p>\n<div id=\"stm-divider-block_4e2b075d361d7f7802a90a7212475937\" class=\"stm-divider alignfull is-style-2 color-1-white color-2-primary\">\r\n    <div class=\"item-1\" style=\"background-color: var(--wp--preset--color--white);\"><\/div>\r\n            <div class=\"item-2\" style=\"background-color: var(--wp--preset--color--primary);\"><\/div>\r\n    <\/div>\r\n<div id=\"dp-wrapper-block_d700fb616a373813630d746656769049\" class=\"dp-wrapper alignfull\">\r\n        <div class=\"dp-wrapper-inner default-width\">\r\n        <div class=\"dp-wrapper-col\">\r\n            \n\n<div class=\"wp-block-columns are-vertically-aligned-center is-layout-flex wp-container-core-columns-is-layout-28f84493 wp-block-columns-is-layout-flex\">\n<div class=\"wp-block-column is-vertically-aligned-center is-layout-flow wp-block-column-is-layout-flow\">\n<h2 class=\"wp-block-heading has-white-color has-text-color\" id=\"h-die-technologie-von-morgen-heute-erleben\">D\u00e9couvrir aujourd&rsquo;hui la technologie de demain.<\/h2>\n\n\n\n<p>Pour devenir une r\u00e9f\u00e9rence, il faut investir dans la recherche. La d\u00e9coupe au jet d&rsquo;eau est une technologie relativement jeune qui rec\u00e8le encore un potentiel insoup\u00e7onn\u00e9. Afin de le promouvoir, STM soutient de nombreux instituts de recherche internationaux tels que l&rsquo;Institut Fraunhofer ainsi que plusieurs universit\u00e9s et fait partie de divers groupes de travail sur le th\u00e8me de la d\u00e9coupe au jet d&rsquo;eau. Un exemple de notre engagement dans les \u00e9tablissements d&rsquo;enseignement est l&rsquo;IW de l&rsquo;universit\u00e9 Leibniz. Ici, un syst\u00e8me de d\u00e9coupe au jet d&rsquo;eau de STM sert \u00e0 la formation des \u00e9tudiants.<\/p>\n<\/div>\n\n\n\n<div class=\"wp-block-column is-vertically-aligned-center is-layout-flow wp-block-column-is-layout-flow\">\n<figure class=\"wp-block-image size-large\"><a href=\"https:\/\/www.stm-waterjet.com\/wp-content\/uploads\/stm-development.jpg\"><img decoding=\"async\" src=\"https:\/\/www.stm-waterjet.com\/wp-content\/uploads\/\/stm-development-1024x707.jpg\" alt=\"STM d&#xE9;veloppement d&#xE9;veloppement\" class=\"wp-image-5898\"\/><\/a><\/figure>\n<\/div>\n<\/div>\n\n\r\n        <\/div>\r\n    <\/div>\r\n    <style>\r\n                #dp-wrapper-block_d700fb616a373813630d746656769049 {\r\n        color: #ffffff;background-image:url(\"https:\/\/www.stm-waterjet.com\/wp-content\/uploads\/bg-structure-dark-grey-big.jpg\");background-position: 50% 50%;background-attachment: scroll;margin-top:0;margin-bottom:0;padding-top:calc(100vw * var(--padding-triangle-num, 17.6326981) \/ 100 + 2em);padding-bottom:calc(100vw * var(--padding-triangle-num, 17.6326981) \/ 100 + 2em);        }\r\n        \r\n        \r\n                \/* Medium devices (tablets, 768px and up) *\/\r\n        @media (min-width: 768px) {\r\n        #dp-wrapper-block_d700fb616a373813630d746656769049 {\r\n        padding-top:calc(100vw * var(--padding-triangle-num, 17.6326981) \/ 100);padding-bottom:calc(100vw * var(--padding-triangle-num, 17.6326981) \/ 100);        }\r\n        }\r\n        \r\n        \r\n    <\/style>\r\n<\/div>\r\n<div id=\"stm-divider-block_b3b2e69825c9aad13b61358ca574e2eb\" class=\"stm-divider alignfull is-style-1 is-mirrored-y color-1-white\">\r\n    <div class=\"item-1\" style=\"background-color: var(--wp--preset--color--white);\"><\/div>\r\n    <\/div>\r\n<div id=\"dp-wrapper-block_7d0d24269a42f502363d450ff7b79887\" class=\"dp-wrapper alignfull content-align-top\">\r\n        <div class=\"dp-wrapper-inner default-width\">\r\n        <div class=\"dp-wrapper-col\">\r\n            \n\n<div class=\"wp-block-columns are-vertically-aligned-center is-layout-flex wp-container-core-columns-is-layout-28f84493 wp-block-columns-is-layout-flex\">\n<div class=\"wp-block-column is-vertically-aligned-center is-layout-flow wp-block-column-is-layout-flow\">\n<h2 class=\"wp-block-heading\" id=\"h-weitere-forschungspartner-von-stm\">Autres partenaires de recherche du STM<\/h2>\n\n\n\n<ul class=\"wp-block-list\">\n<li><strong>AiF &#8211; <\/strong>Communaut\u00e9 de travail des associations de recherche industrielle<\/li>\n\n\n\n<li><strong>AWT &#8211; <\/strong>Groupe de travail sur la technologie des jets d&rsquo;eau<\/li>\n\n\n\n<li><strong>EUREKA &#8211; <\/strong>R\u00e9seau pour la recherche et le d\u00e9veloppement orient\u00e9s vers le march\u00e9<\/li>\n\n\n\n<li><strong>\u00c9cole sup\u00e9rieure de W\u00fcrzburg-Schweinfurt<\/strong><\/li>\n\n\n\n<li><strong>Institut Fraunhofer IPA, Stuttgart<\/strong><\/li>\n\n\n\n<li><strong>Institut Fraunhofer IPK, Berlin<\/strong><\/li>\n\n\n\n<li><strong>IW &#8211; <\/strong>Universit\u00e9 de Hanovre<\/li>\n\n\n\n<li><strong>ZIM &#8211; <\/strong>Programme central d&rsquo;innovation pour les PME<\/li>\n<\/ul>\n<\/div>\n<\/div>\n\n\r\n        <\/div>\r\n    <\/div>\r\n    <style>\r\n                #dp-wrapper-block_7d0d24269a42f502363d450ff7b79887 {\r\n        margin-top:0;margin-bottom:0;padding-top:2em;padding-bottom:2em;        }\r\n        \r\n        \r\n                \/* Medium devices (tablets, 768px and up) *\/\r\n        @media (min-width: 768px) {\r\n        #dp-wrapper-block_7d0d24269a42f502363d450ff7b79887 {\r\n        padding-top:0;padding-bottom:0;        }\r\n        }\r\n        \r\n        \r\n    <\/style>\r\n<\/div>\r\n\r\n<div id=\"dp-spacer-block_2e1a7908db6904be339bc33854166cdf\" class=\"dp-spacer\">\r\n    <\/div><!-- \/.spacer -->\r\n<style>\r\n    #dp-spacer-block_2e1a7908db6904be339bc33854166cdf {\r\n        margin-top: calc(1vw * var(--padding-triangle-num));\r\n    }\r\n    @media (min-width: 768px) {\r\n    #dp-spacer-block_2e1a7908db6904be339bc33854166cdf {\r\n        margin-top: calc(1vw * var(--padding-triangle-num));\r\n    }\r\n    }\r\n    @media (min-width: 1200px) {\r\n    #dp-spacer-block_2e1a7908db6904be339bc33854166cdf {\r\n        margin-top: calc(1vw * var(--padding-triangle-num));\r\n    }\r\n    }\r\n<\/style>\r\n","protected":false},"excerpt":{"rendered":"<p>Nous avons une longueur d&rsquo;avance sur le temps. Pour un leader de l&rsquo;innovation comme STM, les domaines de la recherche et du d\u00e9veloppement sont d&rsquo;une importance fondamentale. Notre service de [&hellip;]<\/p>\n","protected":false},"author":4,"featured_media":8435,"parent":9429,"menu_order":6,"comment_status":"closed","ping_status":"closed","template":"","meta":{"_acf_changed":false,"footnotes":""},"class_list":["post-9453","page","type-page","status-publish","has-post-thumbnail","hentry"],"acf":[],"_links":{"self":[{"href":"https:\/\/www.stm-waterjet.com\/fr\/wp-json\/wp\/v2\/pages\/9453","targetHints":{"allow":["GET"]}}],"collection":[{"href":"https:\/\/www.stm-waterjet.com\/fr\/wp-json\/wp\/v2\/pages"}],"about":[{"href":"https:\/\/www.stm-waterjet.com\/fr\/wp-json\/wp\/v2\/types\/page"}],"author":[{"embeddable":true,"href":"https:\/\/www.stm-waterjet.com\/fr\/wp-json\/wp\/v2\/users\/4"}],"replies":[{"embeddable":true,"href":"https:\/\/www.stm-waterjet.com\/fr\/wp-json\/wp\/v2\/comments?post=9453"}],"version-history":[{"count":0,"href":"https:\/\/www.stm-waterjet.com\/fr\/wp-json\/wp\/v2\/pages\/9453\/revisions"}],"up":[{"embeddable":true,"href":"https:\/\/www.stm-waterjet.com\/fr\/wp-json\/wp\/v2\/pages\/9429"}],"wp:featuredmedia":[{"embeddable":true,"href":"https:\/\/www.stm-waterjet.com\/fr\/wp-json\/wp\/v2\/media\/8435"}],"wp:attachment":[{"href":"https:\/\/www.stm-waterjet.com\/fr\/wp-json\/wp\/v2\/media?parent=9453"}],"curies":[{"name":"wp","href":"https:\/\/api.w.org\/{rel}","templated":true}]}}