{"id":9461,"date":"2022-11-14T08:16:38","date_gmt":"2022-11-14T07:16:38","guid":{"rendered":"https:\/\/staging.stm-waterjet.com\/entreprise\/projet-feder\/"},"modified":"2024-07-10T11:11:00","modified_gmt":"2024-07-10T09:11:00","slug":"projet-feder","status":"publish","type":"page","link":"https:\/\/www.stm-waterjet.com\/fr\/entreprise\/projet-feder\/","title":{"rendered":"Projet FEDER"},"content":{"rendered":"\r\n<div id=\"dp-spacer-block_6da4628cfbb2e2612bcc2d27d932e16f\" class=\"dp-spacer\">\r\n    <\/div><!-- \/.spacer -->\r\n<style>\r\n    #dp-spacer-block_6da4628cfbb2e2612bcc2d27d932e16f {\r\n        margin-top: 150px;\r\n    }\r\n    @media (min-width: 768px) {\r\n    #dp-spacer-block_6da4628cfbb2e2612bcc2d27d932e16f {\r\n        margin-top: 150px;\r\n    }\r\n    }\r\n    @media (min-width: 1200px) {\r\n    #dp-spacer-block_6da4628cfbb2e2612bcc2d27d932e16f {\r\n        margin-top: 100px;\r\n    }\r\n    }\r\n<\/style>\r\n\n<h1 class=\"wp-block-heading has-text-align-center\" id=\"h-das-efre-projekt\">Le projet du FEDER<\/h1>\n\n<h2 class=\"wp-block-heading has-text-align-center has-x-large-font-size\" id=\"h-erweiterung-des-bestehenden-betriebsstandorteszum-ausbau-der-forschungs-und-entwicklungstatigkeit\">Extension du site d&rsquo;exploitation existant<br\/>pour d\u00e9velopper les activit\u00e9s de recherche et de d\u00e9veloppement<\/h2>\n\n<p class=\"has-text-align-center\">En raison de la croissance dynamique de l&rsquo;entreprise, la STM Waterjet GmbH int\u00e8gre actuellement la <strong>recherche et le d\u00e9veloppement<\/strong> dans son <strong>atelier de production<\/strong>. Le projet en question pr\u00e9voit la construction d&rsquo;un b\u00e2timent suppl\u00e9mentaire dans lequel le service R&amp;D pourra <strong>poursuivre le d\u00e9veloppement des produits<\/strong> dans des conditions optimales. Ce projet est <strong>cofinanc\u00e9<\/strong> par le <strong>Fonds europ\u00e9en de d\u00e9veloppement r\u00e9gional<\/strong>.<\/p>\n\n<p class=\"has-text-align-center\">Le Fonds europ\u00e9en de d\u00e9veloppement r\u00e9gional (FEDER) est un instrument central de l&rsquo;Union europ\u00e9enne pour la <strong>promotion de la croissance \u00e9conomique<\/strong> et du <strong>d\u00e9veloppement r\u00e9gional<\/strong>. Le FEDER soutient des projets dans les r\u00e9gions afin de renforcer leur comp\u00e9titivit\u00e9 et de cr\u00e9er des emplois.<\/p>\n\n<p class=\"has-text-align-center\">En Autriche, le FEDER joue un r\u00f4le crucial dans la mise en \u0153uvre de projets innovants dans les domaines de la recherche, de l&rsquo;innovation, de la protection de l&rsquo;environnement, des infrastructures et de l&rsquo;\u00e9ducation. Il contribue \u00e0 la <strong>modernisation des entreprises<\/strong>, \u00e0 la <strong>promotion des start-ups<\/strong> et au <strong>d\u00e9veloppement de technologies durables<\/strong>. Das EFRE-Programm in \u00d6sterreich hat das Ziel, regionale Disparit\u00e4ten zu verringern und die <strong>Lebensqualit\u00e4t in allen Regionen zu verbessern<\/strong>. Il s&rsquo;appuie sur des partenariats entre acteurs publics et priv\u00e9s afin d&rsquo;obtenir les meilleurs r\u00e9sultats possibles.<\/p>\n\n<p class=\"has-text-align-center\">Visitez le site web du FEDER pour en savoir plus sur les projets en cours et les possibilit\u00e9s de financement, et pour d\u00e9couvrir comment le FEDER fait avancer le d\u00e9veloppement r\u00e9gional en Autriche. Pour plus d&rsquo;informations sur IWB\/EFRE, veuillez consulter le site <a href=\"https:\/\/www.efre.gv.at\/\" target=\"_blank\" rel=\"noreferrer noopener\">www.efre.gv.at<\/a>.<\/p>\n\r\n<div id=\"dp-spacer-block_a94badba2be53cc6c19596155629e05f\" class=\"dp-spacer\">\r\n    <\/div><!-- \/.spacer -->\r\n<style>\r\n    #dp-spacer-block_a94badba2be53cc6c19596155629e05f {\r\n        margin-top: 2em;\r\n    }\r\n    @media (min-width: 768px) {\r\n    #dp-spacer-block_a94badba2be53cc6c19596155629e05f {\r\n        margin-top: 2em;\r\n    }\r\n    }\r\n    @media (min-width: 1200px) {\r\n    #dp-spacer-block_a94badba2be53cc6c19596155629e05f {\r\n        margin-top: 2em;\r\n    }\r\n    }\r\n<\/style>\r\n\n<figure class=\"wp-block-image aligncenter size-full is-resized\"><a href=\"https:\/\/www.efre.gv.at\/\" target=\"_blank\" rel=\"noreferrer noopener\"><img decoding=\"async\" src=\"https:\/\/www.stm-waterjet.com\/wp-content\/uploads\/efre-logo.png\" alt=\"\" class=\"wp-image-4199\" style=\"width:300px\" width=\"300\"\/><\/a><\/figure>\n\r\n<div id=\"dp-spacer-block_1aa369dd93949d158c890655748c1a61\" class=\"dp-spacer\">\r\n    <\/div><!-- \/.spacer -->\r\n<style>\r\n    #dp-spacer-block_1aa369dd93949d158c890655748c1a61 {\r\n        margin-top: calc(1vw * var(--padding-triangle-num));\r\n    }\r\n    @media (min-width: 768px) {\r\n    #dp-spacer-block_1aa369dd93949d158c890655748c1a61 {\r\n        margin-top: calc(1vw * var(--padding-triangle-num));\r\n    }\r\n    }\r\n    @media (min-width: 1200px) {\r\n    #dp-spacer-block_1aa369dd93949d158c890655748c1a61 {\r\n        margin-top: calc(1vw * var(--padding-triangle-num));\r\n    }\r\n    }\r\n<\/style>\r\n","protected":false},"excerpt":{"rendered":"<p>Le projet du FEDER Extension du site d&rsquo;exploitation existantpour d\u00e9velopper les activit\u00e9s de recherche et de d\u00e9veloppement En raison de la croissance dynamique de l&rsquo;entreprise, la STM Waterjet GmbH int\u00e8gre [&hellip;]<\/p>\n","protected":false},"author":4,"featured_media":0,"parent":9429,"menu_order":8,"comment_status":"closed","ping_status":"closed","template":"","meta":{"_acf_changed":false,"footnotes":""},"class_list":["post-9461","page","type-page","status-publish","hentry"],"acf":[],"_links":{"self":[{"href":"https:\/\/www.stm-waterjet.com\/fr\/wp-json\/wp\/v2\/pages\/9461","targetHints":{"allow":["GET"]}}],"collection":[{"href":"https:\/\/www.stm-waterjet.com\/fr\/wp-json\/wp\/v2\/pages"}],"about":[{"href":"https:\/\/www.stm-waterjet.com\/fr\/wp-json\/wp\/v2\/types\/page"}],"author":[{"embeddable":true,"href":"https:\/\/www.stm-waterjet.com\/fr\/wp-json\/wp\/v2\/users\/4"}],"replies":[{"embeddable":true,"href":"https:\/\/www.stm-waterjet.com\/fr\/wp-json\/wp\/v2\/comments?post=9461"}],"version-history":[{"count":1,"href":"https:\/\/www.stm-waterjet.com\/fr\/wp-json\/wp\/v2\/pages\/9461\/revisions"}],"predecessor-version":[{"id":17130,"href":"https:\/\/www.stm-waterjet.com\/fr\/wp-json\/wp\/v2\/pages\/9461\/revisions\/17130"}],"up":[{"embeddable":true,"href":"https:\/\/www.stm-waterjet.com\/fr\/wp-json\/wp\/v2\/pages\/9429"}],"wp:attachment":[{"href":"https:\/\/www.stm-waterjet.com\/fr\/wp-json\/wp\/v2\/media?parent=9461"}],"curies":[{"name":"wp","href":"https:\/\/api.w.org\/{rel}","templated":true}]}}