{"id":9505,"date":"2022-09-27T16:29:01","date_gmt":"2022-09-27T14:29:01","guid":{"rendered":"https:\/\/staging.stm-waterjet.com\/contact\/coupe-test\/"},"modified":"2024-07-10T11:29:38","modified_gmt":"2024-07-10T09:29:38","slug":"coupe-test","status":"publish","type":"page","link":"https:\/\/www.stm-waterjet.com\/fr\/contact\/coupe-test\/","title":{"rendered":"Coupe test"},"content":{"rendered":"<div id=\"stm-header-slider-block_0afe1596272f967627a9189bcb139cd5\" class=\"stm-header-slider alignfull is-style-default has-title has-text\">\r\n            <div class=\"stm-header-slider-slides\">\r\n                            <div class=\"slide\">\r\n                    <img decoding=\"async\" class=\"header-slider-image\" src=\"https:\/\/www.stm-waterjet.com\/wp-content\/uploads\/stm-slider-schneidkopf.webp\" alt=\"\" style=\"object-position: 50% 50%\" \/>\r\n                <\/div>\r\n                    <\/div>\r\n                <div class=\"stm-header-slider-divider\">\r\n            <div class=\"item-1 header-slider-divider\"><\/div>\r\n            <div class=\"item-2 header-slider-divider\"><\/div>\r\n        <\/div>\r\n        <div class=\"stm-header-slider-content\">\r\n        <div class=\"container\">\r\n            <div class=\"row\">\r\n                <div class=\"col\">\r\n                    <h1 class=\"title\">Demande de test de coupe<\/h1>                    <p class=\"text\">Faites-vous votre propre id\u00e9e !<\/p>                                    <\/div>\r\n            <\/div>\r\n        <\/div>\r\n    <\/div>\r\n    <div class=\"product-image\">\r\n        <div class=\"container\">\r\n            <div class=\"row\">\r\n                <div class=\"col\">\r\n                                    <\/div>\r\n            <\/div>\r\n        <\/div>\r\n    <\/div>\r\n<\/div>\r\n<div id=\"dp-wrapper-block_072bdc322cb1af9c455eb80d810ffed4\" class=\"dp-wrapper alignfull content-align-top\">\r\n        <div class=\"dp-wrapper-inner default-width\">\r\n        <div class=\"dp-wrapper-col\">\r\n            \n\n<h2 class=\"wp-block-heading has-text-align-center\" id=\"h-erleben-sie-stm-waterjet\">D\u00e9couvrez STM Waterjet !<\/h2>\n\n\n\n<p class=\"has-text-align-center\">Nous pourrions vous d\u00e9crire en d\u00e9tail toutes ses qualit\u00e9s et ses avantages. Bien entendu, il est toujours pr\u00e9f\u00e9rable d&rsquo;<strong>exp\u00e9rimenter soi-m\u00eame<\/strong> les <strong>avantages de la d\u00e9coupe au jet d&rsquo;eau<\/strong>. C&rsquo;est pourquoi nous vous invitons \u00e0 profiter de notre offre de test de coupe. \u00c0 cette occasion, vous pourrez vous rendre compte par<strong> vous-m\u00eame<\/strong> <strong>de la pr\u00e9cision et de la qualit\u00e9 <\/strong>de la d\u00e9coupe au jet d&rsquo;eau avec votre produit.<\/p>\n\n\n\n<p class=\"has-text-align-center\">Nos <strong>experts exp\u00e9riment\u00e9s<\/strong> sont \u00e0 votre disposition pour discuter de vos <strong>besoins<\/strong> individuels et cr\u00e9er des \u00e9chantillons de coupe selon vos sp\u00e9cifications. Vous pouvez choisir <strong>jusqu&rsquo;\u00e0 cinq niveaux de qualit\u00e9 diff\u00e9rents<\/strong>. La coupe test ne sert pas seulement \u00e0 vous pr\u00e9senter les r\u00e9sultats impressionnants, elle nous permet \u00e9galement de <strong>calculer<\/strong> avec pr\u00e9cision tous les <strong>param\u00e8tres de coupe n\u00e9cessaires<\/strong>, la dur\u00e9e de coupe, la quantit\u00e9 d&rsquo;abrasif requise et les co\u00fbts par commande de coupe.<\/p>\n\n\n\n<p class=\"has-text-align-center\">Nous sommes \u00e0 votre disposition pour convenir d&rsquo;une date de coupe test personnelle et pour d\u00e9couvrir par vous-m\u00eame le monde de la d\u00e9coupe au jet d&rsquo;eau. D\u00e9couvrez de premi\u00e8re main comment cette technologie innovante peut faire passer vos projets de travail du bois \u00e0 un niveau sup\u00e9rieur.<\/p>\n\n\n\n<p class=\"has-text-align-center\">Nous nous ferons un plaisir de convenir avec vous <strong>d&rsquo;une date de test de coupe personnalis\u00e9e<\/strong>!<\/p>\n\n\n\r\n<div id=\"testschnitt-anfordern\" class=\"dp-wrapper alignfull content-align-top\">\r\n        <div class=\"dp-wrapper-inner default-width\">\r\n        <div class=\"dp-wrapper-col\">\r\n            \n\n<h2 class=\"wp-block-heading has-text-align-center\" style=\"margin-top:var(--wp--preset--spacing--50)\">Demander une coupe test<\/h2>\n\n\n<div class=\"frm_forms  with_frm_style frm_style_stm\" id=\"frm_form_3_container\" data-token=\"24e65986f3ed1550b59d14bec1cd5249\">\n<form enctype=\"multipart\/form-data\" method=\"post\" class=\"frm-show-form  frm_js_validate  frm_pro_form \" id=\"form_test-cut\" data-token=\"24e65986f3ed1550b59d14bec1cd5249\">\n<div class=\"frm_form_fields \">\n<fieldset>\n<legend class=\"frm_screen_reader\">Coupe test<\/legend>\r\n\r\n<div class=\"frm_fields_container\">\n<input type=\"hidden\" name=\"frm_action\" value=\"create\" \/>\n<input type=\"hidden\" name=\"form_id\" value=\"3\" \/>\n<input type=\"hidden\" name=\"frm_hide_fields_3\" id=\"frm_hide_fields_3\" value=\"\" \/>\n<input type=\"hidden\" name=\"form_key\" value=\"test-cut\" \/>\n<input type=\"hidden\" name=\"item_meta[0]\" value=\"\" \/>\n<input type=\"hidden\" id=\"frm_submit_entry_3\" name=\"frm_submit_entry_3\" value=\"8bc69a78f7\" \/><input type=\"hidden\" name=\"_wp_http_referer\" value=\"\/fr\/wp-json\/wp\/v2\/pages\/9505\" \/>\t\t<input  type=\"hidden\" name=\"item_meta[17]\" id=\"field_language2\" value=\"fr\"  data-frmval=\"fr\"   \/>\n\t\t\t\t<input  type=\"hidden\" name=\"item_meta[141]\" id=\"field_v76oq\" value=\"https:\/\/www.stm-waterjet.com\/fr\/contact\/coupe-test\/merci-beaucoup\/\"  data-frmval=\"https:\/\/www.stm-waterjet.com\/fr\/contact\/coupe-test\/merci-beaucoup\/\"   \/>\n\t\t<div id=\"frm_field_20_container\" class=\"frm_form_field form-field  frm_required_field frm_inside_container frm6 frm_first\">\r\n    <label for=\"field_company2\" id=\"field_company2_label\" class=\"frm_primary_label\">Soci\u00e9t\u00e9\r\n        <span class=\"frm_required\" aria-hidden=\"true\">*<\/span>\r\n    <\/label>\r\n    <input  type=\"text\" id=\"field_company2\" name=\"item_meta[20]\" value=\"\"  data-reqmsg=\"Ce champ est obligatoire.\" aria-required=\"true\" data-invmsg=\"Le texte n&#039;est pas valide\" aria-invalid=\"false\"   \/>\r\n    \r\n    \r\n<\/div>\n<div id=\"frm_field_21_container\" class=\"frm_form_field form-field  frm_required_field frm_inside_container frm6\">\r\n    <label for=\"field_name2\" id=\"field_name2_label\" class=\"frm_primary_label\">Nom\r\n        <span class=\"frm_required\" aria-hidden=\"true\">*<\/span>\r\n    <\/label>\r\n    <input  type=\"text\" id=\"field_name2\" name=\"item_meta[21]\" value=\"\"  data-reqmsg=\"Ce champ est obligatoire.\" aria-required=\"true\" data-invmsg=\"Le texte n&#039;est pas valide\" aria-invalid=\"false\"   \/>\r\n    \r\n    \r\n<\/div>\n<div id=\"frm_field_22_container\" class=\"frm_form_field form-field  frm_required_field frm_inside_container frm6 frm_first\">\r\n    <label for=\"field_mail2\" id=\"field_mail2_label\" class=\"frm_primary_label\">E-mail\r\n        <span class=\"frm_required\" aria-hidden=\"true\">*<\/span>\r\n    <\/label>\r\n    <input type=\"email\" id=\"field_mail2\" name=\"item_meta[22]\" value=\"\"  data-reqmsg=\"Ce champ est obligatoire.\" aria-required=\"true\" data-invmsg=\"Veuillez saisir une adresse e-mail valide.\" aria-invalid=\"false\"  \/>\r\n    \r\n    \r\n<\/div>\n<div id=\"frm_field_23_container\" class=\"frm_form_field form-field  frm_required_field frm_inside_container frm6\">\r\n    <label for=\"field_phone2\" id=\"field_phone2_label\" class=\"frm_primary_label\">T\u00e9l\u00e9phone\r\n        <span class=\"frm_required\" aria-hidden=\"true\">*<\/span>\r\n    <\/label>\r\n    <input type=\"tel\" id=\"field_phone2\" name=\"item_meta[23]\" value=\"\"  data-reqmsg=\"Ce champ est obligatoire.\" aria-required=\"true\" data-invmsg=\"Veuillez saisir un num\u00e9ro de t\u00e9l\u00e9phone valide.\" aria-invalid=\"false\" pattern=\"((\\+\\d{1,3}(-|.| )?\\(?\\d\\)?(-| |.)?\\d{1,5})|(\\(?\\d{2,6}\\)?))(-|.| )?(\\d{3,4})(-|.| )?(\\d{4})(( x| ext)\\d{1,5}){0,1}$\"  \/>\r\n    \r\n    \r\n<\/div>\n<div id=\"frm_field_25_container\" class=\"frm_form_field form-field  frm_required_field frm_inside_container\">\r\n    <label for=\"field_message2\" id=\"field_message2_label\" class=\"frm_primary_label\">Votre message\r\n        <span class=\"frm_required\" aria-hidden=\"true\">*<\/span>\r\n    <\/label>\r\n    <textarea data-auto-grow=\"1\"  name=\"item_meta[25]\" id=\"field_message2\" rows=\"1\"  data-reqmsg=\"Ce champ est obligatoire.\" aria-required=\"true\" data-invmsg=\"Votre message n&#039;est pas valide.\" aria-invalid=\"false\"  ><\/textarea>\r\n    \r\n    \r\n<\/div>\n<div id=\"frm_field_27_container\" class=\"frm_form_field form-field  frm_top_container\">\r\n    <label for=\"field_reoi4\" id=\"field_reoi4_label\" class=\"frm_primary_label\">File upload\r\n        <span class=\"frm_required\" aria-hidden=\"true\"><\/span>\r\n    <\/label>\r\n    <input type=\"hidden\"  data-invmsg=\"Le t\u00e9l\u00e9chargement du fichier n&#039;est pas valide\" class=\"auto_width\" aria-invalid=\"false\"   name=\"item_meta[27]\"  value=\"\" data-frmfile=\"27\" \/>\n\n<div class=\"frm_dropzone frm_single_upload frm_clearfix\" id=\"file27_dropzone\" role=\"group\" >\n\t<div class=\"fallback\">\n\t\t<input type=\"file\" name=\"file27\" id=\"field_reoi4\"\n\t\t\t data-invmsg=\"Le t\u00e9l\u00e9chargement du fichier n&#039;est pas valide\" class=\"auto_width\" aria-invalid=\"false\"  \t\t\t\/>\n\t\t\t\t<div class=\"frm_clearfix \"><\/div>\n\t<\/div>\n\t<div class=\"dz-message needsclick\">\n\t\t\t\t<svg  viewBox=\"0 0 18 18\" class=\"frmsvg frm-svg-icon\">\n\t<path viewBox=\"0 0 18 18\" fill-rule=\"evenodd\" clip-rule=\"evenodd\" d=\"M8.2 4v8a.8.8 0 001.5 0V4l2.1 2.2A.7.7 0 1013 5L9.5 1.7a.7.7 0 00-1.1 0L5.1 5.2a.8.8 0 001 1l2.1-2zm7.6 4.3c.4 0 .7.3.7.7v6.8c0 .4-.3.7-.8.7H2.3a.8.8 0 01-.8-.8V9A.8.8 0 013 9v6h12V9c0-.4.3-.8.8-.8z\"><\/path>\n<\/svg>\t\t<span class=\"frm_upload_text\"><button type=\"button\" aria-label=\"File upload. D\u00e9posez le fichier ici ou cliquez pour le t\u00e9l\u00e9charger. Taille de fichier maximale\u00a0: 15MB\">D\u00e9posez le fichier ici ou cliquez pour le t\u00e9l\u00e9charger<\/button><\/span>\n\t\t<span class=\"frm_compact_text\"><button type=\"button\" aria-label=\"File upload. S\u00e9lectionner un fichier. Taille de fichier maximale\u00a0: 15MB\">S\u00e9lectionner un fichier<\/button><\/span>\n\t\t<div class=\"frm_small_text\">\n\t\t\t<p>Taille de fichier maximale\u00a0: 15MB<\/p>\n\t\t<\/div>\n\t<\/div>\n<\/div>\n\t\r\n    \r\n    \r\n<\/div>\n<div id=\"frm_field_26_container\" class=\"frm_form_field form-field  frm_required_field frm_none_container vertical_radio\">\r\n    <div  id=\"field_jlehi2_label\" class=\"frm_primary_label\">RGPD\r\n        <span class=\"frm_required\" aria-hidden=\"true\">*<\/span>\r\n    <\/div>\r\n    <div class=\"frm_opt_container\" aria-labelledby=\"field_jlehi2_label\" role=\"group\">\t\t<div class=\"frm_checkbox\" id=\"frm_checkbox_26-0\">\t\t\t<label  for=\"field_jlehi2-0\">\n\t\t\t<input type=\"checkbox\" name=\"item_meta[26][]\" id=\"field_jlehi2-0\" value=\"akzeptiert\"  data-reqmsg=\"Veuillez accepter la politique de confidentialit\u00e9.\" data-invmsg=\"RGPD est non valide\"   aria-required=\"true\"  \/> J&rsquo;accepte les dispositions relatives \u00e0 la <a href=\"\/fr\/privacy-policy\/\" target=\"_blank\">protection des donn\u00e9es<\/a>. <span class=\"frm_required\">*<\/span><\/label><\/div>\n<\/div>\r\n    \r\n    \r\n<\/div>\n<div id=\"frm_field_163_container\" class=\"frm_form_field form-field  frm_none_container\">\n\t<label for=\"g-recaptcha-response\" id=\"field_t38ab_label\" class=\"frm_primary_label\">CAPTCHA\n\t\t<span class=\"frm_required\" aria-hidden=\"true\"><\/span>\n\t<\/label>\n\t<div  id=\"field_t38ab\" class=\"frm-g-recaptcha\" data-sitekey=\"6LcMNrkqAAAAAAT-PtmAlcOWhz0qgdRZ73lCUE5G\" data-size=\"invisible\" data-theme=\"light\"><\/div>\n\t\n\t\n<\/div>\n<div id=\"frm_field_145_container\" class=\"frm_form_field form-field \">\r\n\t<div class=\"wp-block-buttons\">\r\n<div class=\"wp-block-button\">\r\n\r\n<button class=\"wp-block-button__link\" type=\"submit\"   class=\"frm_final_submit\" formnovalidate=\"formnovalidate\">Soumettre<\/button>\r\n\r\n\r\n<\/div>\r\n<\/div>\r\n<\/div>\n\t<input type=\"hidden\" name=\"item_key\" value=\"\" \/>\n\t\t\t<div id=\"frm_field_179_container\">\n\t\t\t<label for=\"field_543z2\" >\n\t\t\t\tSi vous \u00eates un humain, ne remplissez pas ce champ.\t\t\t<\/label>\n\t\t\t<input  id=\"field_543z2\" type=\"text\" class=\"frm_form_field form-field frm_verify\" name=\"item_meta[179]\" value=\"\"  \/>\n\t\t<\/div>\n\t\t<input name=\"frm_state\" type=\"hidden\" value=\"bbSO3T0HzWcLHQ1an4D2YYqmm8PNJL2StaCW+5N0a9rYYrLqBfF+aMXQYw\/BLiRD1karlwh\/Rmg2l9mMGjmFLTyAOlDySH0qZxP0aCbxOSUmE4P3fYSe68bGSQgGCKwe32SMnilq5Q6oUvrsDamhdHMWogn9yNxXtqh2Eenu2L4=\" \/><\/div>\n<\/fieldset>\n<\/div>\n\n<\/form>\n<\/div>\n\n\r\n        <\/div>\r\n    <\/div>\r\n    <style>\r\n                #testschnitt-anfordern {\r\n        margin-top:0;margin-bottom:0;        }\r\n        \r\n        \r\n        \r\n        \r\n    <\/style>\r\n<\/div>\r\n\n\r\n        <\/div>\r\n    <\/div>\r\n    <style>\r\n                #dp-wrapper-block_072bdc322cb1af9c455eb80d810ffed4 {\r\n        margin-top:0;margin-bottom:0;padding-top:2em;padding-bottom:calc(100vw * var(--padding-triangle-num, 17.6326981) \/ 100 + 2em);        }\r\n        \r\n        \r\n                \/* Medium devices (tablets, 768px and up) *\/\r\n        @media (min-width: 768px) {\r\n        #dp-wrapper-block_072bdc322cb1af9c455eb80d810ffed4 {\r\n        padding-bottom:calc(100vw * var(--padding-triangle-num, 17.6326981) \/ 100);        }\r\n        }\r\n        \r\n        \r\n    <\/style>\r\n<\/div>\r\n<div id=\"stm-divider-block_3d7ad86c188dab87eb3670cb483d3ecb\" class=\"stm-divider alignfull is-style-1 is-mirrored-y color-1-bg-blue\">\r\n    <div class=\"item-1\" style=\"background-color: var(--wp--preset--color--bg-blue);\"><\/div>\r\n    <\/div>\r\n<div id=\"dp-wrapper-block_0f9982f6870895687a637f49518e8db2\" class=\"dp-wrapper alignfull content-align-top\">\r\n        <div class=\"dp-wrapper-inner default-width\">\r\n        <div class=\"dp-wrapper-col\">\r\n            \n\n<div class=\"wp-block-columns is-layout-flex wp-container-core-columns-is-layout-28f84493 wp-block-columns-is-layout-flex\">\n<div class=\"wp-block-column is-layout-flow wp-block-column-is-layout-flow\" style=\"flex-basis:66.66%\">\n<h2 class=\"wp-block-heading has-white-color has-text-color\" id=\"h-unbegrenzte-moglichkeiten\">Diversit\u00e9 des mat\u00e9riaux<\/h2>\n\n\n\n<h3 class=\"wp-block-heading has-white-color has-text-color has-large-font-size\" id=\"h-hier-kann-uns-kaum-jemand-das-wasser-reichen\">La d\u00e9coupe au jet d&rsquo;eau offre des possibilit\u00e9s illimit\u00e9es<\/h3>\n\n\n\n<p>La technologie du jet d&rsquo;eau permet de d\u00e9couper <strong>presque tous les mat\u00e9riaux<\/strong>, qu&rsquo;il s&rsquo;agisse de m\u00e9tal, de pierre, de verre, de plastique, etc. \u00eatre trait\u00e9es. C&rsquo;est un proc\u00e9d\u00e9 de d\u00e9coupe \u00e0 froid de <strong>haute pr\u00e9cision et de haute qualit\u00e9<\/strong>.<\/p>\n\n\n\n<p>Nous vous expliquons comment cela fonctionne, quels sont les types &amp; les techniques et dans quels secteurs il est utilis\u00e9.<\/p>\n\n\n\n<div class=\"wp-block-buttons is-content-justification-left is-layout-flex wp-container-core-buttons-is-layout-5927e68b wp-block-buttons-is-layout-flex\">\n<div class=\"wp-block-button\"><a class=\"wp-block-button__link wp-element-button\" href=\"https:\/\/www.stm-waterjet.com\/wasserstrahlschneiden\/\">En savoir plus<\/a><\/div>\n<\/div>\n<\/div>\n\n\n\n<div class=\"wp-block-column is-vertically-aligned-center is-layout-flow wp-block-column-is-layout-flow\" style=\"flex-basis:33.33%\">\n<figure class=\"wp-block-image size-large\"><img decoding=\"async\" src=\"https:\/\/www.stm-waterjet.com\/wp-content\/uploads\/\/stm-materialien-1024x894.webp\" alt=\"Domaines d'application des d&#xE9;coupeurs au jet d'eau STM\" class=\"wp-image-1160\"\/><\/figure>\n<\/div>\n<\/div>\n\n\r\n        <\/div>\r\n    <\/div>\r\n    <style>\r\n                #dp-wrapper-block_0f9982f6870895687a637f49518e8db2 {\r\n        color: #ffffff;margin-top:0;margin-bottom:0;padding-top:2em;padding-bottom:calc(100vw * var(--padding-triangle-num, 17.6326981) \/ 100 + 2em);        }\r\n        \r\n                #dp-wrapper-block_0f9982f6870895687a637f49518e8db2:before {\r\n            z-index: 0;\r\n            content: '';\r\n            display: block;\r\n            position: absolute;\r\n            top: 0;\r\n            left: 0;\r\n            height: 100%;\r\n            width: 100%;\r\n            background-color: rgb(96,153,184);\r\n        }\r\n        \r\n                \/* Medium devices (tablets, 768px and up) *\/\r\n        @media (min-width: 768px) {\r\n        #dp-wrapper-block_0f9982f6870895687a637f49518e8db2 {\r\n        padding-top:2em;padding-bottom:calc(100vw * var(--padding-triangle-num, 17.6326981) \/ 100);        }\r\n        }\r\n        \r\n        \r\n    <\/style>\r\n<\/div>\r\n","protected":false},"excerpt":{"rendered":"","protected":false},"author":4,"featured_media":8479,"parent":9487,"menu_order":3,"comment_status":"closed","ping_status":"closed","template":"","meta":{"_acf_changed":false,"footnotes":""},"class_list":["post-9505","page","type-page","status-publish","has-post-thumbnail","hentry"],"acf":[],"_links":{"self":[{"href":"https:\/\/www.stm-waterjet.com\/fr\/wp-json\/wp\/v2\/pages\/9505","targetHints":{"allow":["GET"]}}],"collection":[{"href":"https:\/\/www.stm-waterjet.com\/fr\/wp-json\/wp\/v2\/pages"}],"about":[{"href":"https:\/\/www.stm-waterjet.com\/fr\/wp-json\/wp\/v2\/types\/page"}],"author":[{"embeddable":true,"href":"https:\/\/www.stm-waterjet.com\/fr\/wp-json\/wp\/v2\/users\/4"}],"replies":[{"embeddable":true,"href":"https:\/\/www.stm-waterjet.com\/fr\/wp-json\/wp\/v2\/comments?post=9505"}],"version-history":[{"count":1,"href":"https:\/\/www.stm-waterjet.com\/fr\/wp-json\/wp\/v2\/pages\/9505\/revisions"}],"predecessor-version":[{"id":17137,"href":"https:\/\/www.stm-waterjet.com\/fr\/wp-json\/wp\/v2\/pages\/9505\/revisions\/17137"}],"up":[{"embeddable":true,"href":"https:\/\/www.stm-waterjet.com\/fr\/wp-json\/wp\/v2\/pages\/9487"}],"wp:featuredmedia":[{"embeddable":true,"href":"https:\/\/www.stm-waterjet.com\/fr\/wp-json\/wp\/v2\/media\/8479"}],"wp:attachment":[{"href":"https:\/\/www.stm-waterjet.com\/fr\/wp-json\/wp\/v2\/media?parent=9505"}],"curies":[{"name":"wp","href":"https:\/\/api.w.org\/{rel}","templated":true}]}}