{"id":9529,"date":"2022-09-27T16:30:54","date_gmt":"2022-09-27T14:30:54","guid":{"rendered":"https:\/\/staging.stm-waterjet.com\/protection-des-donnees\/"},"modified":"2023-02-23T08:44:37","modified_gmt":"2023-02-23T07:44:37","slug":"protection-des-donnees","status":"publish","type":"page","link":"https:\/\/www.stm-waterjet.com\/fr\/protection-des-donnees\/","title":{"rendered":"Protection des donn\u00e9es"},"content":{"rendered":"\r\n<div id=\"dp-spacer-block_5f45be2e8fc97ebbc7df47f114d343b9\" class=\"dp-spacer\">\r\n    <\/div><!-- \/.spacer -->\r\n<style>\r\n    #dp-spacer-block_5f45be2e8fc97ebbc7df47f114d343b9 {\r\n        margin-top: 150px;\r\n    }\r\n    @media (min-width: 768px) {\r\n    #dp-spacer-block_5f45be2e8fc97ebbc7df47f114d343b9 {\r\n        margin-top: 150px;\r\n    }\r\n    }\r\n    @media (min-width: 1200px) {\r\n    #dp-spacer-block_5f45be2e8fc97ebbc7df47f114d343b9 {\r\n        margin-top: 100px;\r\n    }\r\n    }\r\n<\/style>\r\n\n<h1 class=\"wp-block-heading\" id=\"h-erklarung-zur-informationspflicht-datenschutzerklarung\">D\u00e9claration d&rsquo;obligation d&rsquo;information (d\u00e9claration de protection des donn\u00e9es)<\/h1>\n\n<p>La protection de vos donn\u00e9es personnelles nous tient particuli\u00e8rement \u00e0 c\u0153ur. Nous traitons donc vos donn\u00e9es exclusivement sur la base des dispositions l\u00e9gales (RGPD, TKG 2003). Dans ces informations sur la protection des donn\u00e9es, nous vous informons sur les principaux aspects du traitement des donn\u00e9es dans le cadre de notre site web.<\/p>\n\n<h2 class=\"has-x-large-font-size wp-block-heading\" id=\"h-kontakt-mit-uns\">Nous contacter<\/h2>\n\n<p>Si vous prenez contact avec nous par le biais du formulaire sur le site web ou par e-mail, les donn\u00e9es que vous avez indiqu\u00e9es seront enregistr\u00e9es chez nous pendant six mois pour le traitement de la demande et en cas de questions de suivi. Nous ne transmettons pas ces donn\u00e9es sans votre consentement.<\/p>\n\n<h2 class=\"has-x-large-font-size wp-block-heading\" id=\"h-datenspeicherung\">Stockage des donn\u00e9es<\/h2>\n\n<p>Nous attirons votre attention sur le fait que, dans le but de faciliter le processus d&rsquo;achat et l&rsquo;ex\u00e9cution ult\u00e9rieure du contrat, l&rsquo;exploitant de la boutique en ligne enregistre les donn\u00e9es IP du titulaire de la connexion dans le cadre de cookies, ainsi que le nom et l&rsquo;adresse de l&rsquo;acheteur.<br\/>En outre, les donn\u00e9es suivantes sont \u00e9galement enregistr\u00e9es chez nous \u00e0 des fins de traitement du contrat : num\u00e9ro de t\u00e9l\u00e9phone et adresse e-mail. Les donn\u00e9es que vous fournissez sont n\u00e9cessaires \u00e0 l&rsquo;ex\u00e9cution du contrat ou \u00e0 la mise en \u0153uvre de mesures pr\u00e9contractuelles. Sans ces donn\u00e9es, nous ne pouvons pas conclure le contrat avec vous. Aucune donn\u00e9e n&rsquo;est transmise \u00e0 des tiers, \u00e0 l&rsquo;exception de la transmission \u00e0 l&rsquo;entreprise de transport\/d&rsquo;exp\u00e9dition que nous avons mandat\u00e9e pour la livraison de la marchandise ainsi qu&rsquo;\u00e0 notre conseiller fiscal pour remplir nos obligations fiscales.<br\/>Apr\u00e8s l&rsquo;interruption du processus d&rsquo;achat, les donn\u00e9es enregistr\u00e9es chez nous sont supprim\u00e9es. En cas de conclusion d&rsquo;un contrat, toutes les donn\u00e9es issues de la relation contractuelle sont conserv\u00e9es jusqu&rsquo;\u00e0 l&rsquo;expiration du d\u00e9lai de conservation pr\u00e9vu par le droit fiscal (7 ans). Les donn\u00e9es relatives au nom, \u00e0 l&rsquo;adresse, aux marchandises achet\u00e9es et \u00e0 la date d&rsquo;achat sont en outre conserv\u00e9es jusqu&rsquo;\u00e0 l&rsquo;expiration de la responsabilit\u00e9 du fait des produits (10 ans). Le traitement des donn\u00e9es est effectu\u00e9 sur la base des dispositions l\u00e9gales de l&rsquo;article 96, paragraphe 3, de la loi sur les t\u00e9l\u00e9communications (TKG) et de l&rsquo;article 6, paragraphe 1, point a) et\/ou point b), du RGPD.<\/p>\n\n<h2 class=\"has-x-large-font-size wp-block-heading\" id=\"h-cookies\">Cookies<\/h2>\n\n<p>Notre site web utilise ce que l&rsquo;on appelle des cookies. Il s&rsquo;agit de petits fichiers texte qui sont d\u00e9pos\u00e9s sur votre terminal \u00e0 l&rsquo;aide du navigateur. Ils ne font pas de d\u00e9g\u00e2ts.<br\/>Nous utilisons des cookies pour rendre notre offre plus conviviale. Certains cookies restent enregistr\u00e9s sur votre terminal jusqu&rsquo;\u00e0 ce que vous les supprimiez. Ils nous permettent de reconna\u00eetre votre navigateur lors de votre prochaine visite.<br\/>Si vous ne le souhaitez pas, vous pouvez configurer votre navigateur de mani\u00e8re \u00e0 ce qu&rsquo;il vous informe de l&rsquo;installation de cookies et que vous ne l&rsquo;autorisiez qu&rsquo;au cas par cas.<br\/>Si vous d\u00e9sactivez les cookies, la fonctionnalit\u00e9 de notre site web peut \u00eatre limit\u00e9e.<\/p>\n\n<h2 class=\"has-x-large-font-size wp-block-heading\" id=\"h-web-analyse\">Analyse du web<\/h2>\n\n<p>Notre souci, au sens du RGPD, est d&rsquo;am\u00e9liorer notre offre et notre pr\u00e9sence sur le web. Comme la vie priv\u00e9e de nos utilisateurs est importante pour nous, les donn\u00e9es des utilisateurs sont pseudonymis\u00e9es.<br\/>Le traitement des donn\u00e9es s&rsquo;effectue sur la base des dispositions l\u00e9gales de l&rsquo;article 96, paragraphe 3, de la loi sur les t\u00e9l\u00e9communications (TKG) et de l&rsquo;article 6, paragraphe 1, points a et\/ou f, du RGPD.<br\/>Les donn\u00e9es des utilisateurs sont conserv\u00e9es pendant une dur\u00e9e de 26 mois &#8211; 90 jours dans le cas des cookies.<\/p>\n\n<p>Notre site web utilise des fonctions du service d&rsquo;analyse web Google Analytics de la soci\u00e9t\u00e9 Google Inc., 1600 Amphitheatre Parkway, Mountain View, CA 94043, USA. Nous avons conclu un contrat correspondant avec le fournisseur pour le traitement des donn\u00e9es de commande. La relation avec le fournisseur d&rsquo;analyse web est bas\u00e9e sur le Privacy Shield UE-US.<br\/>Des cookies sont utilis\u00e9s pour permettre une analyse de l&rsquo;utilisation du site par vos utilisateurs. Les informations g\u00e9n\u00e9r\u00e9es par le cookie concernant votre utilisation de ce site web sont g\u00e9n\u00e9ralement transmises \u00e0 un serveur de Google aux \u00c9tats-Unis et y sont enregistr\u00e9es. En cas d&rsquo;activation de l&rsquo;anonymisation IP sur ce site, votre adresse IP sera toutefois pr\u00e9alablement abr\u00e9g\u00e9e par Google au sein des \u00c9tats membres de l&rsquo;Union europ\u00e9enne ou dans d&rsquo;autres \u00c9tats signataires de l&rsquo;accord sur l&rsquo;Espace \u00e9conomique europ\u00e9en, et donc pseudonymis\u00e9e. De ce fait, seule une localisation approximative est d\u00e9sormais possible.<br\/>Ce n&rsquo;est que dans des cas exceptionnels que l&rsquo;adresse IP compl\u00e8te est transmise \u00e0 un serveur de Google aux \u00c9tats-Unis et y est raccourcie. Google utilisera ces informations pour le compte de l&rsquo;exploitant de ce site web afin d&rsquo;\u00e9valuer votre utilisation du site web, de compiler des rapports sur les activit\u00e9s du site web et de fournir \u00e0 l&rsquo;exploitant du site web d&rsquo;autres services li\u00e9s \u00e0 l&rsquo;utilisation du site web et d&rsquo;Internet. L&rsquo;adresse IP transmise par votre navigateur dans le cadre de Google Analytics n&rsquo;est pas recoup\u00e9e avec d&rsquo;autres donn\u00e9es de Google. Vous pouvez emp\u00eacher cela en configurant votre navigateur de mani\u00e8re \u00e0 ce qu&rsquo;aucun cookie ne soit enregistr\u00e9 ; nous attirons toutefois votre attention sur le fait que, dans ce cas, vous ne pourrez peut-\u00eatre pas utiliser toutes les fonctions de ce site web dans leur int\u00e9gralit\u00e9.<br\/>Vous pouvez en outre emp\u00eacher la saisie par Google des donn\u00e9es g\u00e9n\u00e9r\u00e9es par le cookie et se rapportant \u00e0 votre utilisation du site web (y compris votre adresse IP) ainsi que le traitement de ces donn\u00e9es par Google en t\u00e9l\u00e9chargeant et en installant le plug-in de navigateur disponible sous le lien suivant : <a href=\"https:\/\/tools.google.com\/dlpage\/gaoptout?hl=de\" target=\"_blank\" rel=\"noreferrer noopener\">Module compl\u00e9mentaire de navigateur pour la d\u00e9sactivation de Google Analytics<\/a>.<br\/>Vous pouvez emp\u00eacher la collecte de vos donn\u00e9es utilisateur par Google Analytics uniquement sur ce site en cliquant sur le lien suivant. Un cookie opt-out sera install\u00e9 pour emp\u00eacher la collecte de vos donn\u00e9es lors de vos prochaines visites sur ce site : <a href=\"javascript:gaOptout();\">D\u00e9sactiver Google Analytics<\/a>.<\/p>\n\n<p>Leadinfo : nous utilisons le service de g\u00e9n\u00e9ration de leads de Leadinfo B.V., Rotterdam, Pays-Bas. Celui-ci reconna\u00eet les visites d&rsquo;entreprises sur notre site web \u00e0 l&rsquo;aide d&rsquo;adresses IP et nous montre \u00e0 cet effet des informations disponibles publiquement, comme par exemple le nom ou l&rsquo;adresse de l&rsquo;entreprise. En outre, Leadinfo place deux cookies de premi\u00e8re partie pour \u00e9valuer le comportement des utilisateurs sur notre site web et traite les domaines issus des saisies de formulaires (par ex. \u00ab\u00a0leadinfo.com\u00a0\u00bb) afin de mettre en corr\u00e9lation les adresses IP avec les entreprises et d&rsquo;am\u00e9liorer les services. Pour plus d&rsquo;informations, consultez le site <a href=\"http:\/\/www.leadinfo.com\" target=\"_blank\" rel=\"noopener\">www.leadinfo.com.<\/a> Sur cette page : <a href=\"http:\/\/www.leadinfo.com\/en\/opt-out\" target=\"_blank\" rel=\"noopener\">www.leadinfo.com\/en\/opt-out<\/a> vous avez une possibilit\u00e9 d&rsquo;opt-out. En cas d&rsquo;opt-out, vos donn\u00e9es ne seront plus collect\u00e9es par Leadinfo.<\/p>\n\n<h2 class=\"has-x-large-font-size wp-block-heading\" id=\"h-ihre-rechte\">Vos droits<\/h2>\n\n<p>Vous disposez en principe des droits d&rsquo;acc\u00e8s, de rectification, d&rsquo;effacement, de limitation, de portabilit\u00e9 des donn\u00e9es, de r\u00e9vocation et d&rsquo;opposition. Si vous pensez que le traitement de vos donn\u00e9es enfreint la l\u00e9gislation sur la protection des donn\u00e9es ou que vos droits en mati\u00e8re de protection des donn\u00e9es ont \u00e9t\u00e9 viol\u00e9s d&rsquo;une autre mani\u00e8re, vous pouvez d\u00e9poser une plainte aupr\u00e8s de l&rsquo;autorit\u00e9 de contr\u00f4le. En Autriche, il s&rsquo;agit de l&rsquo;autorit\u00e9 de protection des donn\u00e9es.<\/p>\n\n<h2 class=\"has-x-large-font-size wp-block-heading\" id=\"h-sie-erreichen-uns-unter-folgenden-kontaktdaten\">Vous pouvez nous contacter aux coordonn\u00e9es suivantes :<\/h2>\n\n<p>StM waterjet GmbH<br\/>Gewerbegebiet Gasthof S\u00fcd 178<br\/>A-5531 Eben dans le Pongau<\/p>\n\n<p>T : <a href=\"tel:+436458200140\">+43 (0) 64 58 \/ 200 14 &#8211; 0<\/a><br\/>F : +43 (0) 64 58 \/ 200 14 &#8211; 805<br\/>E : <a href=\"mailto:info@stm-waterjet.com\">info@stm-waterjet.com<\/a><\/p>\n\r\n<div id=\"dp-spacer-block_71c397d87ea51e81e9f6b80b5a89a44a\" class=\"dp-spacer\">\r\n    <\/div><!-- \/.spacer -->\r\n<style>\r\n    #dp-spacer-block_71c397d87ea51e81e9f6b80b5a89a44a {\r\n        margin-top: calc(1vw * var(--padding-triangle-num));\r\n    }\r\n    @media (min-width: 768px) {\r\n    #dp-spacer-block_71c397d87ea51e81e9f6b80b5a89a44a {\r\n        margin-top: calc(1vw * var(--padding-triangle-num));\r\n    }\r\n    }\r\n    @media (min-width: 1200px) {\r\n    #dp-spacer-block_71c397d87ea51e81e9f6b80b5a89a44a {\r\n        margin-top: calc(1vw * var(--padding-triangle-num));\r\n    }\r\n    }\r\n<\/style>\r\n","protected":false},"excerpt":{"rendered":"<p>D\u00e9claration d&rsquo;obligation d&rsquo;information (d\u00e9claration de protection des donn\u00e9es) La protection de vos donn\u00e9es personnelles nous tient particuli\u00e8rement \u00e0 c\u0153ur. Nous traitons donc vos donn\u00e9es exclusivement sur la base des dispositions [&hellip;]<\/p>\n","protected":false},"author":4,"featured_media":0,"parent":0,"menu_order":101,"comment_status":"closed","ping_status":"closed","template":"","meta":{"_acf_changed":false,"footnotes":""},"class_list":["post-9529","page","type-page","status-publish","hentry"],"acf":[],"_links":{"self":[{"href":"https:\/\/www.stm-waterjet.com\/fr\/wp-json\/wp\/v2\/pages\/9529","targetHints":{"allow":["GET"]}}],"collection":[{"href":"https:\/\/www.stm-waterjet.com\/fr\/wp-json\/wp\/v2\/pages"}],"about":[{"href":"https:\/\/www.stm-waterjet.com\/fr\/wp-json\/wp\/v2\/types\/page"}],"author":[{"embeddable":true,"href":"https:\/\/www.stm-waterjet.com\/fr\/wp-json\/wp\/v2\/users\/4"}],"replies":[{"embeddable":true,"href":"https:\/\/www.stm-waterjet.com\/fr\/wp-json\/wp\/v2\/comments?post=9529"}],"version-history":[{"count":0,"href":"https:\/\/www.stm-waterjet.com\/fr\/wp-json\/wp\/v2\/pages\/9529\/revisions"}],"wp:attachment":[{"href":"https:\/\/www.stm-waterjet.com\/fr\/wp-json\/wp\/v2\/media?parent=9529"}],"curies":[{"name":"wp","href":"https:\/\/api.w.org\/{rel}","templated":true}]}}